{"id":2189,"date":"2025-11-20T12:10:37","date_gmt":"2025-11-20T12:10:37","guid":{"rendered":"https:\/\/tiefenbach.demosites.be\/prix-et-arrangements\/"},"modified":"2025-12-16T09:45:18","modified_gmt":"2025-12-16T09:45:18","slug":"prix-et-arrangements","status":"publish","type":"page","link":"https:\/\/haus-tiefenbach.be\/fr\/prix-et-arrangements\/","title":{"rendered":"Prix et arrangements"},"content":{"rendered":"\t\t<div data-elementor-type=\"wp-page\" data-elementor-id=\"2189\" class=\"elementor elementor-2189 elementor-2006\" data-elementor-post-type=\"page\">\n\t\t\t\t<div class=\"elementor-element elementor-element-2af763c e-flex e-con-boxed e-con e-parent\" data-id=\"2af763c\" data-element_type=\"container\" data-e-type=\"container\">\n\t\t\t\t\t<div class=\"e-con-inner\">\n\t\t\t\t<div class=\"elementor-element elementor-element-d9c8534 elementor-widget elementor-widget-heading\" data-id=\"d9c8534\" data-element_type=\"widget\" data-e-type=\"widget\" data-widget_type=\"heading.default\">\n\t\t\t\t\t<h2 class=\"elementor-heading-title elementor-size-default\">Prix et arrangements<\/h2>\t\t\t\t<\/div>\n\t\t\t\t<div class=\"elementor-element elementor-element-c2cf1f0 elementor-widget elementor-widget-n-accordion\" data-id=\"c2cf1f0\" data-element_type=\"widget\" data-e-type=\"widget\" data-settings=\"{&quot;default_state&quot;:&quot;expanded&quot;,&quot;max_items_expended&quot;:&quot;one&quot;,&quot;n_accordion_animation_duration&quot;:{&quot;unit&quot;:&quot;ms&quot;,&quot;size&quot;:400,&quot;sizes&quot;:[]}}\" data-widget_type=\"nested-accordion.default\">\n\t\t\t\t\t\t\t<div class=\"e-n-accordion\" aria-label=\"Accordion. Open links with Enter or Space, close with Escape, and navigate with Arrow Keys\">\n\t\t\t\t\t\t<details id=\"e-n-accordion-item-2040\" class=\"e-n-accordion-item\" open>\n\t\t\t\t<summary class=\"e-n-accordion-item-title\" data-accordion-index=\"1\" tabindex=\"0\" aria-expanded=\"true\" aria-controls=\"e-n-accordion-item-2040\" >\n\t\t\t\t\t<span class='e-n-accordion-item-title-header'><div class=\"e-n-accordion-item-title-text\"> ARRANGEMENTS <\/div><\/span>\n\t\t\t\t\t\t\t<span class='e-n-accordion-item-title-icon'>\n\t\t\t<span class='e-opened' ><svg aria-hidden=\"true\" class=\"e-font-icon-svg e-fas-minus\" viewBox=\"0 0 448 512\" xmlns=\"http:\/\/www.w3.org\/2000\/svg\"><path d=\"M416 208H32c-17.67 0-32 14.33-32 32v32c0 17.67 14.33 32 32 32h384c17.67 0 32-14.33 32-32v-32c0-17.67-14.33-32-32-32z\"><\/path><\/svg><\/span>\n\t\t\t<span class='e-closed'><svg aria-hidden=\"true\" class=\"e-font-icon-svg e-fas-plus\" viewBox=\"0 0 448 512\" xmlns=\"http:\/\/www.w3.org\/2000\/svg\"><path d=\"M416 208H272V64c0-17.67-14.33-32-32-32h-32c-17.67 0-32 14.33-32 32v144H32c-17.67 0-32 14.33-32 32v32c0 17.67 14.33 32 32 32h144v144c0 17.67 14.33 32 32 32h32c17.67 0 32-14.33 32-32V304h144c17.67 0 32-14.33 32-32v-32c0-17.67-14.33-32-32-32z\"><\/path><\/svg><\/span>\n\t\t<\/span>\n\n\t\t\t\t\t\t<\/summary>\n\t\t\t\t<div role=\"region\" aria-labelledby=\"e-n-accordion-item-2040\" class=\"elementor-element elementor-element-aa68de6 e-con-full e-flex e-con e-child\" data-id=\"aa68de6\" data-element_type=\"container\" data-e-type=\"container\" data-settings=\"{&quot;background_background&quot;:&quot;classic&quot;}\">\n\t\t\t\t<div class=\"elementor-element elementor-element-7bd3d63 elementor-widget elementor-widget-shortcode\" data-id=\"7bd3d63\" data-element_type=\"widget\" data-e-type=\"widget\" data-widget_type=\"shortcode.default\">\n\t\t\t\t\t\t\t<div class=\"elementor-shortcode\"><div class=\"om-page-shortcode\" data-page-id=\"2221\"><div class=\"om-accordion-rates\">\n<h4><span style=\"color: #68705c;\"><strong>Prix des chambres par personne et par jour en demi-pension<\/strong><\/span><br \/>\n<span style=\"color: #68705c;\"><strong>(buffet de petit-d\u00e9jeuner et menu 4 plats le soir)<\/strong><\/span><\/h4>\n<table>\n<thead>\n<tr>\n<th>Cat\u00e9gories de chambres<\/th>\n<th>Prix \u00e0 partir de<\/th>\n<\/tr>\n<\/thead>\n<tbody>\n<tr>\n<td>Tiefenbach<\/td>\n<td>\u00e0 partir de 105 \u20ac<\/td>\n<\/tr>\n<tr>\n<td>Gr\u00fcner Baum<\/td>\n<td>\u00e0 partir de 124 \u20ac<\/td>\n<\/tr>\n<tr>\n<td>Hoher Berg<\/td>\n<td>\u00e0 partir de 139 \u20ac<\/td>\n<\/tr>\n<\/tbody>\n<\/table>\n<p>Pour une r\u00e9servation sans d\u00eener, vous b\u00e9n\u00e9ficiez d\u2019une r\u00e9duction de <strong>20 \u20ac par personne et par jour<\/strong>.<\/p>\n<h4><span style=\"color: #68705c;\">Enfants dans la chambre des parents<\/span><\/h4>\n<table>\n<thead>\n<tr>\n<th>\u00c2ge<\/th>\n<th>Prix par enfant et par jour<\/th>\n<\/tr>\n<\/thead>\n<tbody>\n<tr>\n<td>0 \u2013 3 ans<\/td>\n<td>15,00 \u20ac<\/td>\n<\/tr>\n<tr>\n<td>3 \u2013 6 ans<\/td>\n<td>30,00 \u20ac<\/td>\n<\/tr>\n<tr>\n<td>6 \u2013 9 ans<\/td>\n<td>40,00 \u20ac<\/td>\n<\/tr>\n<tr>\n<td>9 \u2013 12 ans<\/td>\n<td>50,00 \u20ac<\/td>\n<\/tr>\n<\/tbody>\n<\/table>\n<h4><span style=\"color: #68705c;\">Suppl\u00e9ments par jour<\/span><\/h4>\n<table>\n<tbody>\n<tr>\n<td>Chambre individuelle<\/td>\n<td>+50,00 \u20ac<\/td>\n<\/tr>\n<tr>\n<td>Une nuit<\/td>\n<td>+15,00 \u20ac<\/td>\n<\/tr>\n<\/tbody>\n<\/table>\n<p><strong>Taxe de s\u00e9jour :<\/strong> + 1 \u20ac par jour<\/p>\n<p>Les chiens sont admis sur demande uniquement dans le type de chambre <strong>Tiefenbach<\/strong>.<\/p>\n<p><a href=\"#\"><span style=\"color: #a7794d;\">Cliquez ici pour les prix des forfaits<\/span><\/a><\/p>\n<p><strong>En cas d\u2019annulation<\/strong> 2 semaines avant l\u2019arriv\u00e9e, le prix total sera factur\u00e9.<\/p>\n<p><strong>BNP Paribas Fortis :<\/strong> BE43 2487 2853 5001<br \/>\n<strong>BIC :<\/strong> GEBABEBB<\/p>\n<\/div>\n<\/div><\/div>\n\t\t\t\t\t\t<\/div>\n\t\t\t\t<\/div>\n\t\t\t\t\t<\/details>\n\t\t\t\t\t\t<details id=\"e-n-accordion-item-2041\" class=\"e-n-accordion-item\" >\n\t\t\t\t<summary class=\"e-n-accordion-item-title\" data-accordion-index=\"2\" tabindex=\"-1\" aria-expanded=\"false\" aria-controls=\"e-n-accordion-item-2041\" >\n\t\t\t\t\t<span class='e-n-accordion-item-title-header'><div class=\"e-n-accordion-item-title-text\"> PRIX 2026 <\/div><\/span>\n\t\t\t\t\t\t\t<span class='e-n-accordion-item-title-icon'>\n\t\t\t<span class='e-opened' ><svg aria-hidden=\"true\" class=\"e-font-icon-svg e-fas-minus\" viewBox=\"0 0 448 512\" xmlns=\"http:\/\/www.w3.org\/2000\/svg\"><path d=\"M416 208H32c-17.67 0-32 14.33-32 32v32c0 17.67 14.33 32 32 32h384c17.67 0 32-14.33 32-32v-32c0-17.67-14.33-32-32-32z\"><\/path><\/svg><\/span>\n\t\t\t<span class='e-closed'><svg aria-hidden=\"true\" class=\"e-font-icon-svg e-fas-plus\" viewBox=\"0 0 448 512\" xmlns=\"http:\/\/www.w3.org\/2000\/svg\"><path d=\"M416 208H272V64c0-17.67-14.33-32-32-32h-32c-17.67 0-32 14.33-32 32v144H32c-17.67 0-32 14.33-32 32v32c0 17.67 14.33 32 32 32h144v144c0 17.67 14.33 32 32 32h32c17.67 0 32-14.33 32-32V304h144c17.67 0 32-14.33 32-32v-32c0-17.67-14.33-32-32-32z\"><\/path><\/svg><\/span>\n\t\t<\/span>\n\n\t\t\t\t\t\t<\/summary>\n\t\t\t\t<div role=\"region\" aria-labelledby=\"e-n-accordion-item-2041\" class=\"elementor-element elementor-element-93da343 e-con-full e-flex e-con e-child\" data-id=\"93da343\" data-element_type=\"container\" data-e-type=\"container\" data-settings=\"{&quot;background_background&quot;:&quot;classic&quot;}\">\n\t\t\t\t<div class=\"elementor-element elementor-element-b4d1e33 elementor-widget elementor-widget-shortcode\" data-id=\"b4d1e33\" data-element_type=\"widget\" data-e-type=\"widget\" data-widget_type=\"shortcode.default\">\n\t\t\t\t\t\t\t<div class=\"elementor-shortcode\"><div class=\"om-page-shortcode\" data-page-id=\"2215\"><div class=\"om-accordion-rates\">\n<h4><span style=\"color: #68705c;\"><strong>Prix des chambres par personne et par jour en demi-pension<\/strong><\/span><br \/>\n<span style=\"color: #68705c;\"><strong>(buffet de petit-d\u00e9jeuner et menu 4 plats le soir)<\/strong><\/span><\/h4>\n<table>\n<thead>\n<tr>\n<th>Cat\u00e9gories de chambres<\/th>\n<th>Prix \u00e0 partir de<\/th>\n<\/tr>\n<\/thead>\n<tbody>\n<tr>\n<td>Tiefenbach<\/td>\n<td>\u00e0 partir de 105 \u20ac<\/td>\n<\/tr>\n<tr>\n<td>Gr\u00fcner Baum<\/td>\n<td>\u00e0 partir de 124 \u20ac<\/td>\n<\/tr>\n<tr>\n<td>Hoher Berg<\/td>\n<td>\u00e0 partir de 139 \u20ac<\/td>\n<\/tr>\n<\/tbody>\n<\/table>\n<p>Pour une r\u00e9servation sans d\u00eener, vous b\u00e9n\u00e9ficiez d\u2019une r\u00e9duction de <strong>20 \u20ac par personne et par jour<\/strong>.<\/p>\n<h4><span style=\"color: #68705c;\">Enfants dans la chambre des parents<\/span><\/h4>\n<p>Par enfant et par jour<\/p>\n<table>\n<thead>\n<tr>\n<th>\u00c2ge<\/th>\n<th>Prix par enfant et par jour<\/th>\n<\/tr>\n<\/thead>\n<tbody>\n<tr>\n<td>0 \u2013 3 ans<\/td>\n<td>15,00 \u20ac<\/td>\n<\/tr>\n<tr>\n<td>3 \u2013 6 ans<\/td>\n<td>30,00 \u20ac<\/td>\n<\/tr>\n<tr>\n<td>6 \u2013 9 ans<\/td>\n<td>40,00 \u20ac<\/td>\n<\/tr>\n<tr>\n<td>9 \u2013 12 ans<\/td>\n<td>50,00 \u20ac<\/td>\n<\/tr>\n<\/tbody>\n<\/table>\n<h4><span style=\"color: #68705c;\">Suppl\u00e9ments par jour<\/span><\/h4>\n<table>\n<thead>\n<tr>\n<th>Position<\/th>\n<th>Suppl\u00e9ment<\/th>\n<\/tr>\n<\/thead>\n<tbody>\n<tr>\n<td>Chambre individuelle<\/td>\n<td>+50,00 \u20ac<\/td>\n<\/tr>\n<tr>\n<td>Une nuit<\/td>\n<td>+15,00 \u20ac<\/td>\n<\/tr>\n<\/tbody>\n<\/table>\n<p><strong>Taxe de s\u00e9jour :<\/strong> + 1 \u20ac par jour<\/p>\n<p><span style=\"color: #68705c;\"><em><strong>Les chiens sont admis sur demande uniquement dans le type de chambre Tiefenbach.<\/strong><\/em><\/span><\/p>\n<p><a href=\"http:\/\/www.haus-tiefenbach.be\/hotel-de\/arrangementen\/\"><strong><span style=\"color: #a7794d;\">Cliquez ici pour les prix des forfaits<\/span><\/strong><\/a><\/p>\n<p><strong>En cas d\u2019annulation<\/strong> 2 semaines avant l\u2019arriv\u00e9e, le prix total sera factur\u00e9.<\/p>\n<p><strong>BNP Paribas Fortis :<\/strong> BE43 2487 2853 5001<br \/>\n<strong>BIC :<\/strong> GEBABEBB<\/p>\n<\/div>\n<\/div><\/div>\n\t\t\t\t\t\t<\/div>\n\t\t\t\t<\/div>\n\t\t\t\t\t<\/details>\n\t\t\t\t\t<\/div>\n\t\t\t\t\t\t<\/div>\n\t\t\t\t\t<\/div>\n\t\t\t\t<\/div>\n\t\t\t\t<\/div>\n\t\t","protected":false},"excerpt":{"rendered":"<p>Prix et arrangements ARRANGEMENTS Prix et arrangements ARRANGEMENTS Prix des chambres par personne et par jour en demi-pension (buffet de petit-d\u00e9jeuner et menu 4 plats le soir) Cat\u00e9gories de chambres Prix \u00e0 partir de Tiefenbach \u00e0 partir de 105 \u20ac Gr\u00fcner Baum \u00e0 partir de 124 \u20ac Hoher Berg \u00e0 partir de 139 \u20ac Pour [&hellip;]<\/p>\n","protected":false},"author":3,"featured_media":0,"parent":0,"menu_order":52,"comment_status":"closed","ping_status":"closed","template":"","meta":{"footnotes":""},"class_list":["post-2189","page","type-page","status-publish","hentry"],"_links":{"self":[{"href":"https:\/\/haus-tiefenbach.be\/fr\/wp-json\/wp\/v2\/pages\/2189","targetHints":{"allow":["GET"]}}],"collection":[{"href":"https:\/\/haus-tiefenbach.be\/fr\/wp-json\/wp\/v2\/pages"}],"about":[{"href":"https:\/\/haus-tiefenbach.be\/fr\/wp-json\/wp\/v2\/types\/page"}],"author":[{"embeddable":true,"href":"https:\/\/haus-tiefenbach.be\/fr\/wp-json\/wp\/v2\/users\/3"}],"replies":[{"embeddable":true,"href":"https:\/\/haus-tiefenbach.be\/fr\/wp-json\/wp\/v2\/comments?post=2189"}],"version-history":[{"count":7,"href":"https:\/\/haus-tiefenbach.be\/fr\/wp-json\/wp\/v2\/pages\/2189\/revisions"}],"predecessor-version":[{"id":2344,"href":"https:\/\/haus-tiefenbach.be\/fr\/wp-json\/wp\/v2\/pages\/2189\/revisions\/2344"}],"wp:attachment":[{"href":"https:\/\/haus-tiefenbach.be\/fr\/wp-json\/wp\/v2\/media?parent=2189"}],"curies":[{"name":"wp","href":"https:\/\/api.w.org\/{rel}","templated":true}]}}