{"id":2221,"date":"2025-08-23T07:59:53","date_gmt":"2025-08-23T07:59:53","guid":{"rendered":"https:\/\/tiefenbach.demosites.be\/arrangements\/"},"modified":"2025-08-23T07:59:53","modified_gmt":"2025-08-23T07:59:53","slug":"arrangements","status":"publish","type":"page","link":"https:\/\/haus-tiefenbach.be\/fr\/arrangements\/","title":{"rendered":"Arrangements"},"content":{"rendered":"<div class=\"om-accordion-rates\">\n<h4><span style=\"color: #68705c;\"><strong>Prix des chambres par personne et par jour en demi-pension<\/strong><\/span><br \/>\n<span style=\"color: #68705c;\"><strong>(buffet de petit-d\u00e9jeuner et menu 4 plats le soir)<\/strong><\/span><\/h4>\n<table>\n<thead>\n<tr>\n<th>Cat\u00e9gories de chambres<\/th>\n<th>Prix \u00e0 partir de<\/th>\n<\/tr>\n<\/thead>\n<tbody>\n<tr>\n<td>Tiefenbach<\/td>\n<td>\u00e0 partir de 105 \u20ac<\/td>\n<\/tr>\n<tr>\n<td>Gr\u00fcner Baum<\/td>\n<td>\u00e0 partir de 124 \u20ac<\/td>\n<\/tr>\n<tr>\n<td>Hoher Berg<\/td>\n<td>\u00e0 partir de 139 \u20ac<\/td>\n<\/tr>\n<\/tbody>\n<\/table>\n<p>Pour une r\u00e9servation sans d\u00eener, vous b\u00e9n\u00e9ficiez d\u2019une r\u00e9duction de <strong>20 \u20ac par personne et par jour<\/strong>.<\/p>\n<h4><span style=\"color: #68705c;\">Enfants dans la chambre des parents<\/span><\/h4>\n<table>\n<thead>\n<tr>\n<th>\u00c2ge<\/th>\n<th>Prix par enfant et par jour<\/th>\n<\/tr>\n<\/thead>\n<tbody>\n<tr>\n<td>0 \u2013 3 ans<\/td>\n<td>15,00 \u20ac<\/td>\n<\/tr>\n<tr>\n<td>3 \u2013 6 ans<\/td>\n<td>30,00 \u20ac<\/td>\n<\/tr>\n<tr>\n<td>6 \u2013 9 ans<\/td>\n<td>40,00 \u20ac<\/td>\n<\/tr>\n<tr>\n<td>9 \u2013 12 ans<\/td>\n<td>50,00 \u20ac<\/td>\n<\/tr>\n<\/tbody>\n<\/table>\n<h4><span style=\"color: #68705c;\">Suppl\u00e9ments par jour<\/span><\/h4>\n<table>\n<tbody>\n<tr>\n<td>Chambre individuelle<\/td>\n<td>+50,00 \u20ac<\/td>\n<\/tr>\n<tr>\n<td>Une nuit<\/td>\n<td>+15,00 \u20ac<\/td>\n<\/tr>\n<\/tbody>\n<\/table>\n<p><strong>Taxe de s\u00e9jour :<\/strong> + 1 \u20ac par jour<\/p>\n<p>Les chiens sont admis sur demande uniquement dans le type de chambre <strong>Tiefenbach<\/strong>.<\/p>\n<p><a href=\"#\"><span style=\"color: #a7794d;\">Cliquez ici pour les prix des forfaits<\/span><\/a><\/p>\n<p><strong>En cas d\u2019annulation<\/strong> 2 semaines avant l\u2019arriv\u00e9e, le prix total sera factur\u00e9.<\/p>\n<p><strong>BNP Paribas Fortis :<\/strong> BE43 2487 2853 5001<br \/>\n<strong>BIC :<\/strong> GEBABEBB<\/p>\n<\/div>\n","protected":false},"excerpt":{"rendered":"<p>Prix des chambres par personne et par jour en demi-pension (buffet de petit-d\u00e9jeuner et menu 4 plats le soir) Cat\u00e9gories de chambres Prix \u00e0 partir de Tiefenbach \u00e0 partir de 105 \u20ac Gr\u00fcner Baum \u00e0 partir de 124 \u20ac Hoher Berg \u00e0 partir de 139 \u20ac Pour une r\u00e9servation sans d\u00eener, vous b\u00e9n\u00e9ficiez d\u2019une r\u00e9duction [&hellip;]<\/p>\n","protected":false},"author":1,"featured_media":0,"parent":0,"menu_order":12,"comment_status":"closed","ping_status":"closed","template":"","meta":{"footnotes":""},"class_list":["post-2221","page","type-page","status-publish","hentry"],"_links":{"self":[{"href":"https:\/\/haus-tiefenbach.be\/fr\/wp-json\/wp\/v2\/pages\/2221","targetHints":{"allow":["GET"]}}],"collection":[{"href":"https:\/\/haus-tiefenbach.be\/fr\/wp-json\/wp\/v2\/pages"}],"about":[{"href":"https:\/\/haus-tiefenbach.be\/fr\/wp-json\/wp\/v2\/types\/page"}],"author":[{"embeddable":true,"href":"https:\/\/haus-tiefenbach.be\/fr\/wp-json\/wp\/v2\/users\/1"}],"replies":[{"embeddable":true,"href":"https:\/\/haus-tiefenbach.be\/fr\/wp-json\/wp\/v2\/comments?post=2221"}],"version-history":[{"count":0,"href":"https:\/\/haus-tiefenbach.be\/fr\/wp-json\/wp\/v2\/pages\/2221\/revisions"}],"wp:attachment":[{"href":"https:\/\/haus-tiefenbach.be\/fr\/wp-json\/wp\/v2\/media?parent=2221"}],"curies":[{"name":"wp","href":"https:\/\/api.w.org\/{rel}","templated":true}]}}