{"id":2267,"date":"2025-08-27T10:42:55","date_gmt":"2025-08-27T10:42:55","guid":{"rendered":"https:\/\/tiefenbach.demosites.be\/reunions\/"},"modified":"2025-12-26T10:03:46","modified_gmt":"2025-12-26T10:03:46","slug":"reunions","status":"publish","type":"page","link":"https:\/\/haus-tiefenbach.be\/fr\/reunions\/","title":{"rendered":"R\u00e9unions"},"content":{"rendered":"\t\t<div data-elementor-type=\"wp-page\" data-elementor-id=\"2267\" class=\"elementor elementor-2267 elementor-52\" data-elementor-post-type=\"page\">\n\t\t\t\t<div class=\"elementor-element elementor-element-fa728de e-con-full e-flex e-con e-parent\" data-id=\"fa728de\" data-element_type=\"container\" data-e-type=\"container\" data-settings=\"{&quot;background_background&quot;:&quot;slideshow&quot;,&quot;background_slideshow_ken_burns&quot;:&quot;yes&quot;,&quot;background_slideshow_gallery&quot;:[{&quot;id&quot;:1330,&quot;url&quot;:&quot;https:\\\/\\\/haus-tiefenbach.be\\\/wp-content\\\/uploads\\\/2025\\\/11\\\/haustiefenbach_freepik.jpg&quot;},{&quot;id&quot;:1317,&quot;url&quot;:&quot;https:\\\/\\\/haus-tiefenbach.be\\\/wp-content\\\/uploads\\\/2025\\\/11\\\/haustiefenbach_2020_1527-1.jpg&quot;}],&quot;background_slideshow_loop&quot;:&quot;yes&quot;,&quot;background_slideshow_slide_duration&quot;:5000,&quot;background_slideshow_slide_transition&quot;:&quot;fade&quot;,&quot;background_slideshow_transition_duration&quot;:500,&quot;background_slideshow_ken_burns_zoom_direction&quot;:&quot;in&quot;}\">\n\t\t<div class=\"elementor-element elementor-element-2300b6b elementor-hidden-mobile e-flex e-con-boxed e-con e-child\" data-id=\"2300b6b\" data-element_type=\"container\" data-e-type=\"container\" data-settings=\"{&quot;background_background&quot;:&quot;classic&quot;}\">\n\t\t\t\t\t<div class=\"e-con-inner\">\n\t\t\t\t<div class=\"elementor-element elementor-element-f40b195 elementor-widget elementor-widget-heading\" data-id=\"f40b195\" data-element_type=\"widget\" data-e-type=\"widget\" data-widget_type=\"heading.default\">\n\t\t\t\t\t<h1 class=\"elementor-heading-title elementor-size-default\">Organisez vos r\u00e9unions l\u00e0 o\u00f9 les autres passent leurs vacances \u2013 <br>Votre s\u00e9minaire \u00e0 la Haus Tiefenbach<\/h1>\t\t\t\t<\/div>\n\t\t\t\t\t<\/div>\n\t\t\t\t<\/div>\n\t\t\t\t<\/div>\n\t\t<div class=\"elementor-element elementor-element-b1b1497 elementor-hidden-mobile e-flex e-con-boxed e-con e-parent\" data-id=\"b1b1497\" data-element_type=\"container\" data-e-type=\"container\">\n\t\t\t\t\t<div class=\"e-con-inner\">\n\t\t\t\t<div class=\"elementor-element elementor-element-1c17cf7 elementor-align-center elementor-widget elementor-widget-button\" data-id=\"1c17cf7\" data-element_type=\"widget\" data-e-type=\"widget\" data-widget_type=\"button.default\">\n\t\t\t\t\t\t\t\t\t\t<a class=\"elementor-button elementor-button-link elementor-size-sm\" href=\"#homepage\">\n\t\t\t\t\t\t<span class=\"elementor-button-content-wrapper\">\n\t\t\t\t\t\t\t\t\t<span class=\"elementor-button-text\">En savoir plus<\/span>\n\t\t\t\t\t<\/span>\n\t\t\t\t\t<\/a>\n\t\t\t\t\t\t\t\t<\/div>\n\t\t\t\t\t<\/div>\n\t\t\t\t<\/div>\n\t\t<div class=\"elementor-element elementor-element-c782454 e-flex e-con-boxed e-con e-parent\" data-id=\"c782454\" data-element_type=\"container\" data-e-type=\"container\" data-settings=\"{&quot;background_background&quot;:&quot;classic&quot;}\">\n\t\t\t\t\t<div class=\"e-con-inner\">\n\t\t<div class=\"elementor-element elementor-element-e1ba2be e-flex e-con-boxed e-con e-child\" data-id=\"e1ba2be\" data-element_type=\"container\" data-e-type=\"container\">\n\t\t\t\t\t<div class=\"e-con-inner\">\n\t\t\t\t<div class=\"elementor-element elementor-element-bff1ce5 elementor-widget elementor-widget-menu-anchor\" data-id=\"bff1ce5\" data-element_type=\"widget\" data-e-type=\"widget\" data-widget_type=\"menu-anchor.default\">\n\t\t\t\t\t\t\t<div class=\"elementor-menu-anchor\" id=\"pagedaccueil\"><\/div>\n\t\t\t\t\t\t<\/div>\n\t\t\t\t<div class=\"elementor-element elementor-element-e85ed59 elementor-widget elementor-widget-heading\" data-id=\"e85ed59\" data-element_type=\"widget\" data-e-type=\"widget\" data-widget_type=\"heading.default\">\n\t\t\t\t\t<h1 class=\"elementor-heading-title elementor-size-default\">Votre s\u00e9minaire \u00e0 la Haus Tiefenbach<\/h1>\t\t\t\t<\/div>\n\t\t\t\t\t<\/div>\n\t\t\t\t<\/div>\n\t\t<div class=\"elementor-element elementor-element-69d3931 e-flex e-con-boxed e-con e-child\" data-id=\"69d3931\" data-element_type=\"container\" data-e-type=\"container\">\n\t\t\t\t\t<div class=\"e-con-inner\">\n\t\t\t\t<div class=\"elementor-element elementor-element-5fd6e26 elementor-widget elementor-widget-text-editor\" data-id=\"5fd6e26\" data-element_type=\"widget\" data-e-type=\"widget\" data-widget_type=\"text-editor.default\">\n\t\t\t\t\t\t\t\t\t<p>\u00c0 la Haus Tiefenbach, vous trouverez le cadre id\u00e9al pour des s\u00e9minaires, des ateliers et des r\u00e9unions o\u00f9 travail concentr\u00e9 et pauses d\u00e9tendues vont de pair. Directement au bord du lac idyllique de Tiefenbach, entour\u00e9 de prairies et de for\u00eats, vous vous r\u00e9unirez dans une atmosph\u00e8re paisible \u2013 loin du quotidien, mais n\u00e9anmoins facilement accessible.<\/p><p>Nos salles modulables conviennent aussi bien aux petites r\u00e9unions qu&rsquo;aux s\u00e9minaires de plusieurs jours. Des salles lumineuses avec beaucoup de lumi\u00e8re naturelle, une technique de pr\u00e9sentation moderne et un service attentif veillent \u00e0 ce que vos participants se sentent \u00e0 l&rsquo;aise d\u00e8s la premi\u00e8re minute.<\/p><p>Pendant les pauses, vous pourrez savourer du caf\u00e9, du th\u00e9 et de petites collations, sur demande \u00e9galement directement sur la terrasse avec vue sur le lac. Pour le d\u00e9jeuner et le d\u00eener, notre cuisine vous g\u00e2tera avec une cuisine fra\u00eeche de saison, d&rsquo;inspiration r\u00e9gionale \u2013 id\u00e9ale pour refaire le plein d&rsquo;\u00e9nergie.<\/p><p>M\u00eame apr\u00e8s la partie officielle de la journ\u00e9e, la Haus Tiefenbach offre de nombreuses possibilit\u00e9s : d\u00e9tente dans l&rsquo;espace bien-\u00eatre avec piscine couverte, sauna et bain de vapeur, une promenade autour du lac ou un verre au bar \u2013 ainsi, vos \u00e9v\u00e9nements seront non seulement productifs, mais aussi agr\u00e9ablement m\u00e9morables.<\/p>\t\t\t\t\t\t\t\t<\/div>\n\t\t\t\t\t<\/div>\n\t\t\t\t<\/div>\n\t\t\t\t\t<\/div>\n\t\t\t\t<\/div>\n\t\t<div class=\"elementor-element elementor-element-2788023 e-flex e-con-boxed e-con e-parent\" data-id=\"2788023\" data-element_type=\"container\" data-e-type=\"container\">\n\t\t\t\t\t<div class=\"e-con-inner\">\n\t\t<div class=\"elementor-element elementor-element-527a84d e-con-full e-flex e-con e-child\" data-id=\"527a84d\" data-element_type=\"container\" data-e-type=\"container\">\n\t\t<div class=\"elementor-element elementor-element-c649991 e-con-full e-flex e-con e-child\" data-id=\"c649991\" data-element_type=\"container\" data-e-type=\"container\">\n\t\t\t\t<div class=\"elementor-element elementor-element-a16ebde elementor-widget elementor-widget-heading\" data-id=\"a16ebde\" data-element_type=\"widget\" data-e-type=\"widget\" data-widget_type=\"heading.default\">\n\t\t\t\t\t<h1 class=\"elementor-heading-title elementor-size-default\">Id\u00e9al pour :<\/h1>\t\t\t\t<\/div>\n\t\t\t\t<div class=\"elementor-element elementor-element-238aa27 elementor-widget elementor-widget-text-editor\" data-id=\"238aa27\" data-element_type=\"widget\" data-e-type=\"widget\" data-widget_type=\"text-editor.default\">\n\t\t\t\t\t\t\t\t\t<ul><li>S\u00e9minaires, formations et ateliers<\/li><li>Team buildings et s\u00e9minaires de retraite<\/li><li>Petites conf\u00e9rences et pr\u00e9sentations<\/li><li>R\u00e9unions avec nuit\u00e9e et programme d&rsquo;accompagnement<\/li><\/ul>\t\t\t\t\t\t\t\t<\/div>\n\t\t\t\t<div class=\"elementor-element elementor-element-9f16758 elementor-widget elementor-widget-text-editor\" data-id=\"9f16758\" data-element_type=\"widget\" data-e-type=\"widget\" data-widget_type=\"text-editor.default\">\n\t\t\t\t\t\t\t\t\tNous serons heureux de vous faire une offre individuelle \u2013 de la simple location de salle \u00e0 la formule compl\u00e8te avec technique, restauration, h\u00e9bergement et programme de loisirs.\t\t\t\t\t\t\t\t<\/div>\n\t\t\t\t<\/div>\n\t\t<div class=\"elementor-element elementor-element-0190911 e-con-full e-flex e-con e-child\" data-id=\"0190911\" data-element_type=\"container\" data-e-type=\"container\">\n\t\t<div class=\"elementor-element elementor-element-6a2ab4f e-con-full e-flex e-con e-child\" data-id=\"6a2ab4f\" data-element_type=\"container\" data-e-type=\"container\">\n\t\t\t\t<div class=\"elementor-element elementor-element-081536f elementor-widget elementor-widget-image\" data-id=\"081536f\" data-element_type=\"widget\" data-e-type=\"widget\" data-widget_type=\"image.default\">\n\t\t\t\t\t\t\t\t\t\t\t\t\t\t\t<img fetchpriority=\"high\" decoding=\"async\" width=\"800\" height=\"533\" src=\"https:\/\/haus-tiefenbach.be\/wp-content\/uploads\/2025\/11\/haus-tiefenbach_DSC0610.jpg\" class=\"attachment-large size-large wp-image-1405\" alt=\"\" srcset=\"https:\/\/haus-tiefenbach.be\/wp-content\/uploads\/2025\/11\/haus-tiefenbach_DSC0610.jpg 960w, https:\/\/haus-tiefenbach.be\/wp-content\/uploads\/2025\/11\/haus-tiefenbach_DSC0610-300x200.jpg 300w, https:\/\/haus-tiefenbach.be\/wp-content\/uploads\/2025\/11\/haus-tiefenbach_DSC0610-768x512.jpg 768w\" sizes=\"(max-width: 800px) 100vw, 800px\" \/>\t\t\t\t\t\t\t\t\t\t\t\t\t\t\t<\/div>\n\t\t\t\t<\/div>\n\t\t<div class=\"elementor-element elementor-element-59db358 e-con-full e-flex e-con e-child\" data-id=\"59db358\" data-element_type=\"container\" data-e-type=\"container\">\n\t\t\t\t<div class=\"elementor-element elementor-element-7d1355b elementor-widget elementor-widget-image\" data-id=\"7d1355b\" data-element_type=\"widget\" data-e-type=\"widget\" data-widget_type=\"image.default\">\n\t\t\t\t\t\t\t\t\t\t\t\t\t\t\t<img decoding=\"async\" width=\"800\" height=\"533\" src=\"https:\/\/haus-tiefenbach.be\/wp-content\/uploads\/2025\/11\/haustiefenbach_freepik_4615.jpg\" class=\"attachment-large size-large wp-image-995\" alt=\"\" srcset=\"https:\/\/haus-tiefenbach.be\/wp-content\/uploads\/2025\/11\/haustiefenbach_freepik_4615.jpg 960w, https:\/\/haus-tiefenbach.be\/wp-content\/uploads\/2025\/11\/haustiefenbach_freepik_4615-300x200.jpg 300w, https:\/\/haus-tiefenbach.be\/wp-content\/uploads\/2025\/11\/haustiefenbach_freepik_4615-768x512.jpg 768w\" sizes=\"(max-width: 800px) 100vw, 800px\" \/>\t\t\t\t\t\t\t\t\t\t\t\t\t\t\t<\/div>\n\t\t\t\t<\/div>\n\t\t\t\t<\/div>\n\t\t<div class=\"elementor-element elementor-element-57ccc18 e-con-full e-flex e-con e-child\" data-id=\"57ccc18\" data-element_type=\"container\" data-e-type=\"container\">\n\t\t\t\t<div class=\"elementor-element elementor-element-2dc7c0b elementor-widget elementor-widget-image\" data-id=\"2dc7c0b\" data-element_type=\"widget\" data-e-type=\"widget\" data-widget_type=\"image.default\">\n\t\t\t\t\t\t\t\t\t\t\t\t\t\t\t<img decoding=\"async\" width=\"800\" height=\"533\" src=\"https:\/\/haus-tiefenbach.be\/wp-content\/uploads\/2025\/11\/haustiefenbach_2020_hdr_1696.jpg\" class=\"attachment-large size-large wp-image-1418\" alt=\"\" srcset=\"https:\/\/haus-tiefenbach.be\/wp-content\/uploads\/2025\/11\/haustiefenbach_2020_hdr_1696.jpg 960w, https:\/\/haus-tiefenbach.be\/wp-content\/uploads\/2025\/11\/haustiefenbach_2020_hdr_1696-300x200.jpg 300w, https:\/\/haus-tiefenbach.be\/wp-content\/uploads\/2025\/11\/haustiefenbach_2020_hdr_1696-768x512.jpg 768w\" sizes=\"(max-width: 800px) 100vw, 800px\" \/>\t\t\t\t\t\t\t\t\t\t\t\t\t\t\t<\/div>\n\t\t\t\t<div class=\"elementor-element elementor-element-c6768c5 elementor-widget elementor-widget-image\" data-id=\"c6768c5\" data-element_type=\"widget\" data-e-type=\"widget\" data-widget_type=\"image.default\">\n\t\t\t\t\t\t\t\t\t\t\t\t\t\t\t<img loading=\"lazy\" decoding=\"async\" width=\"800\" height=\"533\" src=\"https:\/\/haus-tiefenbach.be\/wp-content\/uploads\/2025\/11\/haustiefenbach_2020_1483.jpg\" class=\"attachment-large size-large wp-image-1422\" alt=\"\" srcset=\"https:\/\/haus-tiefenbach.be\/wp-content\/uploads\/2025\/11\/haustiefenbach_2020_1483.jpg 960w, https:\/\/haus-tiefenbach.be\/wp-content\/uploads\/2025\/11\/haustiefenbach_2020_1483-300x200.jpg 300w, https:\/\/haus-tiefenbach.be\/wp-content\/uploads\/2025\/11\/haustiefenbach_2020_1483-768x512.jpg 768w\" sizes=\"(max-width: 800px) 100vw, 800px\" \/>\t\t\t\t\t\t\t\t\t\t\t\t\t\t\t<\/div>\n\t\t\t\t<\/div>\n\t\t\t\t<\/div>\n\t\t\t\t\t<\/div>\n\t\t\t\t<\/div>\n\t\t\t\t<\/div>\n\t\t","protected":false},"excerpt":{"rendered":"<p>Organisez vos r\u00e9unions l\u00e0 o\u00f9 les autres passent leurs vacances \u2013 Votre s\u00e9minaire \u00e0 la Haus Tiefenbach En savoir plus Votre s\u00e9minaire \u00e0 la Haus Tiefenbach \u00c0 la Haus Tiefenbach, vous trouverez le cadre id\u00e9al pour des s\u00e9minaires, des ateliers et des r\u00e9unions o\u00f9 travail concentr\u00e9 et pauses d\u00e9tendues vont de pair. Directement au bord [&hellip;]<\/p>\n","protected":false},"author":1,"featured_media":0,"parent":0,"menu_order":40,"comment_status":"closed","ping_status":"closed","template":"","meta":{"footnotes":""},"class_list":["post-2267","page","type-page","status-publish","hentry"],"_links":{"self":[{"href":"https:\/\/haus-tiefenbach.be\/fr\/wp-json\/wp\/v2\/pages\/2267","targetHints":{"allow":["GET"]}}],"collection":[{"href":"https:\/\/haus-tiefenbach.be\/fr\/wp-json\/wp\/v2\/pages"}],"about":[{"href":"https:\/\/haus-tiefenbach.be\/fr\/wp-json\/wp\/v2\/types\/page"}],"author":[{"embeddable":true,"href":"https:\/\/haus-tiefenbach.be\/fr\/wp-json\/wp\/v2\/users\/1"}],"replies":[{"embeddable":true,"href":"https:\/\/haus-tiefenbach.be\/fr\/wp-json\/wp\/v2\/comments?post=2267"}],"version-history":[{"count":2,"href":"https:\/\/haus-tiefenbach.be\/fr\/wp-json\/wp\/v2\/pages\/2267\/revisions"}],"predecessor-version":[{"id":2593,"href":"https:\/\/haus-tiefenbach.be\/fr\/wp-json\/wp\/v2\/pages\/2267\/revisions\/2593"}],"wp:attachment":[{"href":"https:\/\/haus-tiefenbach.be\/fr\/wp-json\/wp\/v2\/media?parent=2267"}],"curies":[{"name":"wp","href":"https:\/\/api.w.org\/{rel}","templated":true}]}}