{"id":2303,"date":"2025-08-23T09:37:19","date_gmt":"2025-08-23T09:37:19","guid":{"rendered":"https:\/\/tiefenbach.demosites.be\/restaurant\/"},"modified":"2025-12-26T10:25:23","modified_gmt":"2025-12-26T10:25:23","slug":"restaurant","status":"publish","type":"page","link":"https:\/\/haus-tiefenbach.be\/fr\/restaurant\/","title":{"rendered":"Restaurant"},"content":{"rendered":"\t\t<div data-elementor-type=\"wp-page\" data-elementor-id=\"2303\" class=\"elementor elementor-2303 elementor-29\" data-elementor-post-type=\"page\">\n\t\t\t\t<div class=\"elementor-element elementor-element-755b297f e-con-full e-flex e-con e-parent\" data-id=\"755b297f\" data-element_type=\"container\" data-e-type=\"container\" data-settings=\"{&quot;background_background&quot;:&quot;slideshow&quot;,&quot;background_slideshow_ken_burns&quot;:&quot;yes&quot;,&quot;background_slideshow_gallery&quot;:[{&quot;id&quot;:913,&quot;url&quot;:&quot;https:\\\/\\\/haus-tiefenbach.be\\\/wp-content\\\/uploads\\\/2025\\\/11\\\/haustiefenbach_2020_hdr_1670.jpg&quot;}],&quot;background_slideshow_loop&quot;:&quot;yes&quot;,&quot;background_slideshow_slide_duration&quot;:5000,&quot;background_slideshow_slide_transition&quot;:&quot;fade&quot;,&quot;background_slideshow_transition_duration&quot;:500,&quot;background_slideshow_ken_burns_zoom_direction&quot;:&quot;in&quot;}\">\n\t\t<div class=\"elementor-element elementor-element-3c9dbbc e-con-full e-flex e-con e-child\" data-id=\"3c9dbbc\" data-element_type=\"container\" data-e-type=\"container\" data-settings=\"{&quot;background_background&quot;:&quot;classic&quot;}\">\n\t\t\t\t<div class=\"elementor-element elementor-element-2adc04a2 elementor-hidden-mobile elementor-widget elementor-widget-heading\" data-id=\"2adc04a2\" data-element_type=\"widget\" data-e-type=\"widget\" data-widget_type=\"heading.default\">\n\t\t\t\t\t<h1 class=\"elementor-heading-title elementor-size-default\">Cuisine r\u00e9gionale, hospitalit\u00e9 chaleureuse.<\/h1>\t\t\t\t<\/div>\n\t\t\t\t<\/div>\n\t\t\t\t<\/div>\n\t\t<div class=\"elementor-element elementor-element-708318b elementor-hidden-mobile e-flex e-con-boxed e-con e-parent\" data-id=\"708318b\" data-element_type=\"container\" data-e-type=\"container\">\n\t\t\t\t\t<div class=\"e-con-inner\">\n\t\t\t\t<div class=\"elementor-element elementor-element-f449813 elementor-align-center elementor-widget elementor-widget-button\" data-id=\"f449813\" data-element_type=\"widget\" data-e-type=\"widget\" data-widget_type=\"button.default\">\n\t\t\t\t\t\t\t\t\t\t<a class=\"elementor-button elementor-button-link elementor-size-sm\" href=\"#homepage\">\n\t\t\t\t\t\t<span class=\"elementor-button-content-wrapper\">\n\t\t\t\t\t\t\t\t\t<span class=\"elementor-button-text\">En savoir plus<\/span>\n\t\t\t\t\t<\/span>\n\t\t\t\t\t<\/a>\n\t\t\t\t\t\t\t\t<\/div>\n\t\t\t\t\t<\/div>\n\t\t\t\t<\/div>\n\t\t<div class=\"elementor-element elementor-element-28f20b8 e-flex e-con-boxed e-con e-parent\" data-id=\"28f20b8\" data-element_type=\"container\" data-e-type=\"container\">\n\t\t\t\t\t<div class=\"e-con-inner\">\n\t\t\t\t<div class=\"elementor-element elementor-element-f829679 elementor-widget elementor-widget-menu-anchor\" data-id=\"f829679\" data-element_type=\"widget\" data-e-type=\"widget\" data-widget_type=\"menu-anchor.default\">\n\t\t\t\t\t\t\t<div class=\"elementor-menu-anchor\" id=\"pagedaccueil\"><\/div>\n\t\t\t\t\t\t<\/div>\n\t\t\t\t<div class=\"elementor-element elementor-element-f99e33d elementor-widget elementor-widget-heading\" data-id=\"f99e33d\" data-element_type=\"widget\" data-e-type=\"widget\" data-widget_type=\"heading.default\">\n\t\t\t\t\t<h2 class=\"elementor-heading-title elementor-size-default\">Bienvenue au restaurant Haus Tiefenbach<\/h2>\t\t\t\t<\/div>\n\t\t\t\t<div class=\"elementor-element elementor-element-269bfe1 elementor-hidden-mobile elementor-widget elementor-widget-text-editor\" data-id=\"269bfe1\" data-element_type=\"widget\" data-e-type=\"widget\" data-widget_type=\"text-editor.default\">\n\t\t\t\t\t\t\t\t\t<p class=\"p1\" style=\"text-align: center;\">Au c\u0153ur de la nature intacte des Hautes Fagnes \u2013 \u00e0 562 m d\u2019altitude dans le village idyllique de B\u00fcllingen \u2013 le restaurant Haus Tiefenbach vous accueille avec plaisir, convivialit\u00e9 et style.<\/p>\t\t\t\t\t\t\t\t<\/div>\n\t\t\t\t<div class=\"elementor-element elementor-element-133ba88 elementor-widget elementor-widget-text-editor\" data-id=\"133ba88\" data-element_type=\"widget\" data-e-type=\"widget\" data-widget_type=\"text-editor.default\">\n\t\t\t\t\t\t\t\t\t<p class=\"p1\"><span class=\"s1\">Au restaurant, nous accordons la plus grande importance aux<\/span> produits r\u00e9gionaux <span class=\"s1\">et \u00e0 une<\/span> pr\u00e9paration fra\u00eeche et soucieuse de la qualit\u00e9<span class=\"s1\">.<\/span> Notre chef de cuisine \u2013 qui est \u00e9galement l\u2019h\u00f4tesse \u2013 veille personnellement \u00e0 ce que chaque assiette et chaque menu soient une exp\u00e9rience culinaire. D\u00e9couvrez les sp\u00e9cialit\u00e9s de la cuisine et de la cave : finement compos\u00e9es, avec amour du d\u00e9tail et assaisonn\u00e9es avec caract\u00e8re. <\/p>\t\t\t\t\t\t\t\t<\/div>\n\t\t\t\t\t<\/div>\n\t\t\t\t<\/div>\n\t\t<div class=\"elementor-element elementor-element-72cf7d58 e-flex e-con-boxed e-con e-parent\" data-id=\"72cf7d58\" data-element_type=\"container\" data-e-type=\"container\" data-settings=\"{&quot;background_background&quot;:&quot;classic&quot;}\">\n\t\t\t\t\t<div class=\"e-con-inner\">\n\t\t\t\t<div class=\"elementor-element elementor-element-50557753 elementor-widget elementor-widget-image\" data-id=\"50557753\" data-element_type=\"widget\" data-e-type=\"widget\" data-widget_type=\"image.default\">\n\t\t\t\t\t\t\t\t\t\t\t\t\t\t\t<img fetchpriority=\"high\" decoding=\"async\" width=\"800\" height=\"417\" src=\"https:\/\/haus-tiefenbach.be\/wp-content\/uploads\/2025\/11\/haustiefenbach_2020_hdr_1682.jpg\" class=\"attachment-large size-large wp-image-972\" alt=\"\" srcset=\"https:\/\/haus-tiefenbach.be\/wp-content\/uploads\/2025\/11\/haustiefenbach_2020_hdr_1682.jpg 960w, https:\/\/haus-tiefenbach.be\/wp-content\/uploads\/2025\/11\/haustiefenbach_2020_hdr_1682-300x156.jpg 300w, https:\/\/haus-tiefenbach.be\/wp-content\/uploads\/2025\/11\/haustiefenbach_2020_hdr_1682-768x400.jpg 768w\" sizes=\"(max-width: 800px) 100vw, 800px\" \/>\t\t\t\t\t\t\t\t\t\t\t\t\t\t\t<\/div>\n\t\t\t\t<div class=\"elementor-element elementor-element-40b14eaf elementor-widget elementor-widget-image\" data-id=\"40b14eaf\" data-element_type=\"widget\" data-e-type=\"widget\" data-widget_type=\"image.default\">\n\t\t\t\t\t\t\t\t\t\t\t\t\t\t\t<img decoding=\"async\" width=\"800\" height=\"417\" src=\"https:\/\/haus-tiefenbach.be\/wp-content\/uploads\/2025\/11\/haustiefenbach_2020_hdr_1662bis.jpg\" class=\"attachment-large size-large wp-image-976\" alt=\"\" srcset=\"https:\/\/haus-tiefenbach.be\/wp-content\/uploads\/2025\/11\/haustiefenbach_2020_hdr_1662bis.jpg 960w, https:\/\/haus-tiefenbach.be\/wp-content\/uploads\/2025\/11\/haustiefenbach_2020_hdr_1662bis-300x156.jpg 300w, https:\/\/haus-tiefenbach.be\/wp-content\/uploads\/2025\/11\/haustiefenbach_2020_hdr_1662bis-768x400.jpg 768w\" sizes=\"(max-width: 800px) 100vw, 800px\" \/>\t\t\t\t\t\t\t\t\t\t\t\t\t\t\t<\/div>\n\t\t\t\t\t<\/div>\n\t\t\t\t<\/div>\n\t\t<div class=\"elementor-element elementor-element-6bf78b54 e-flex e-con-boxed e-con e-parent\" data-id=\"6bf78b54\" data-element_type=\"container\" data-e-type=\"container\">\n\t\t\t\t\t<div class=\"e-con-inner\">\n\t\t<div class=\"elementor-element elementor-element-5459ad3d e-con-full e-flex e-con e-child\" data-id=\"5459ad3d\" data-element_type=\"container\" data-e-type=\"container\">\n\t\t\t\t<div class=\"elementor-element elementor-element-25c1911a elementor-widget elementor-widget-heading\" data-id=\"25c1911a\" data-element_type=\"widget\" data-e-type=\"widget\" data-widget_type=\"heading.default\">\n\t\t\t\t\t<h1 class=\"elementor-heading-title elementor-size-default\">Invitation<\/h1>\t\t\t\t<\/div>\n\t\t\t\t<div class=\"elementor-element elementor-element-4414a00b elementor-widget elementor-widget-text-editor\" data-id=\"4414a00b\" data-element_type=\"widget\" data-e-type=\"widget\" data-widget_type=\"text-editor.default\">\n\t\t\t\t\t\t\t\t\t<p class=\"p1\">Laissez-vous dorloter, d\u00e9couvrez notre s\u00e9lection de plats et de vins et profitez de l\u2019alliance de la nature, de l\u2019hospitalit\u00e9 et d\u2019une cuisine de premier ordre.<\/p>\n<p class=\"p1\">Nous serions tr\u00e8s heureux de vous accueillir bient\u00f4t dans l\u2019agr\u00e9able restaurant Haus Tiefenbach \u2013 o\u00f9 le calme, la chaleur, la convivialit\u00e9 et le plaisir culinaire vont de soi.<\/p>\t\t\t\t\t\t\t\t<\/div>\n\t\t\t\t<\/div>\n\t\t<div class=\"elementor-element elementor-element-ea0b92 e-con-full e-flex e-con e-child\" data-id=\"ea0b92\" data-element_type=\"container\" data-e-type=\"container\">\n\t\t<div class=\"elementor-element elementor-element-78a313be e-con-full e-flex e-con e-child\" data-id=\"78a313be\" data-element_type=\"container\" data-e-type=\"container\">\n\t\t<div class=\"elementor-element elementor-element-144f783a e-con-full e-flex e-con e-child\" data-id=\"144f783a\" data-element_type=\"container\" data-e-type=\"container\">\n\t\t\t\t<div class=\"elementor-element elementor-element-354361a8 elementor-widget elementor-widget-image\" data-id=\"354361a8\" data-element_type=\"widget\" data-e-type=\"widget\" data-widget_type=\"image.default\">\n\t\t\t\t\t\t\t\t\t\t\t\t\t\t\t<img decoding=\"async\" width=\"800\" height=\"533\" src=\"https:\/\/haus-tiefenbach.be\/wp-content\/uploads\/2025\/11\/haustiefenbach_freepik_forel.jpg\" class=\"attachment-large size-large wp-image-1035\" alt=\"\" srcset=\"https:\/\/haus-tiefenbach.be\/wp-content\/uploads\/2025\/11\/haustiefenbach_freepik_forel.jpg 960w, https:\/\/haus-tiefenbach.be\/wp-content\/uploads\/2025\/11\/haustiefenbach_freepik_forel-300x200.jpg 300w, https:\/\/haus-tiefenbach.be\/wp-content\/uploads\/2025\/11\/haustiefenbach_freepik_forel-768x512.jpg 768w\" sizes=\"(max-width: 800px) 100vw, 800px\" \/>\t\t\t\t\t\t\t\t\t\t\t\t\t\t\t<\/div>\n\t\t\t\t<\/div>\n\t\t<div class=\"elementor-element elementor-element-70f258da e-con-full e-flex e-con e-child\" data-id=\"70f258da\" data-element_type=\"container\" data-e-type=\"container\">\n\t\t\t\t<div class=\"elementor-element elementor-element-1c63e21b elementor-widget elementor-widget-image\" data-id=\"1c63e21b\" data-element_type=\"widget\" data-e-type=\"widget\" data-widget_type=\"image.default\">\n\t\t\t\t\t\t\t\t\t\t\t\t\t\t\t<img loading=\"lazy\" decoding=\"async\" width=\"800\" height=\"533\" src=\"https:\/\/haus-tiefenbach.be\/wp-content\/uploads\/2025\/11\/haus-tiefenbach_000010414112_upscale.jpg\" class=\"attachment-large size-large wp-image-986\" alt=\"\" srcset=\"https:\/\/haus-tiefenbach.be\/wp-content\/uploads\/2025\/11\/haus-tiefenbach_000010414112_upscale.jpg 960w, https:\/\/haus-tiefenbach.be\/wp-content\/uploads\/2025\/11\/haus-tiefenbach_000010414112_upscale-300x200.jpg 300w, https:\/\/haus-tiefenbach.be\/wp-content\/uploads\/2025\/11\/haus-tiefenbach_000010414112_upscale-768x512.jpg 768w\" sizes=\"(max-width: 800px) 100vw, 800px\" \/>\t\t\t\t\t\t\t\t\t\t\t\t\t\t\t<\/div>\n\t\t\t\t<\/div>\n\t\t\t\t<\/div>\n\t\t<div class=\"elementor-element elementor-element-36a1643b e-con-full elementor-hidden-mobile e-flex e-con e-child\" data-id=\"36a1643b\" data-element_type=\"container\" data-e-type=\"container\">\n\t\t<div class=\"elementor-element elementor-element-5995a573 e-con-full e-flex e-con e-child\" data-id=\"5995a573\" data-element_type=\"container\" data-e-type=\"container\">\n\t\t\t\t<div class=\"elementor-element elementor-element-481c811f elementor-widget elementor-widget-image\" data-id=\"481c811f\" data-element_type=\"widget\" data-e-type=\"widget\" data-widget_type=\"image.default\">\n\t\t\t\t\t\t\t\t\t\t\t\t\t\t\t<img loading=\"lazy\" decoding=\"async\" width=\"800\" height=\"533\" src=\"https:\/\/haus-tiefenbach.be\/wp-content\/uploads\/2025\/11\/haustiefenbach_freepik_4615.jpg\" class=\"attachment-large size-large wp-image-995\" alt=\"\" srcset=\"https:\/\/haus-tiefenbach.be\/wp-content\/uploads\/2025\/11\/haustiefenbach_freepik_4615.jpg 960w, https:\/\/haus-tiefenbach.be\/wp-content\/uploads\/2025\/11\/haustiefenbach_freepik_4615-300x200.jpg 300w, https:\/\/haus-tiefenbach.be\/wp-content\/uploads\/2025\/11\/haustiefenbach_freepik_4615-768x512.jpg 768w\" sizes=\"(max-width: 800px) 100vw, 800px\" \/>\t\t\t\t\t\t\t\t\t\t\t\t\t\t\t<\/div>\n\t\t\t\t<\/div>\n\t\t<div class=\"elementor-element elementor-element-1c90e53e e-con-full e-flex e-con e-child\" data-id=\"1c90e53e\" data-element_type=\"container\" data-e-type=\"container\">\n\t\t\t\t<div class=\"elementor-element elementor-element-6a260056 elementor-widget elementor-widget-image\" data-id=\"6a260056\" data-element_type=\"widget\" data-e-type=\"widget\" data-widget_type=\"image.default\">\n\t\t\t\t\t\t\t\t\t\t\t\t\t\t\t<img loading=\"lazy\" decoding=\"async\" width=\"800\" height=\"533\" src=\"https:\/\/haus-tiefenbach.be\/wp-content\/uploads\/2025\/11\/haustiefenbach_freepik_dessert.jpg\" class=\"attachment-large size-large wp-image-999\" alt=\"\" srcset=\"https:\/\/haus-tiefenbach.be\/wp-content\/uploads\/2025\/11\/haustiefenbach_freepik_dessert.jpg 960w, https:\/\/haus-tiefenbach.be\/wp-content\/uploads\/2025\/11\/haustiefenbach_freepik_dessert-300x200.jpg 300w, https:\/\/haus-tiefenbach.be\/wp-content\/uploads\/2025\/11\/haustiefenbach_freepik_dessert-768x512.jpg 768w\" sizes=\"(max-width: 800px) 100vw, 800px\" \/>\t\t\t\t\t\t\t\t\t\t\t\t\t\t\t<\/div>\n\t\t\t\t<\/div>\n\t\t\t\t<\/div>\n\t\t\t\t<\/div>\n\t\t\t\t\t<\/div>\n\t\t\t\t<\/div>\n\t\t<div class=\"elementor-element elementor-element-e203f4e e-flex e-con-boxed e-con e-parent\" data-id=\"e203f4e\" data-element_type=\"container\" data-e-type=\"container\" id=\"omgeving-blok1\" data-settings=\"{&quot;background_background&quot;:&quot;classic&quot;}\">\n\t\t\t\t\t<div class=\"e-con-inner\">\n\t\t<div class=\"elementor-element elementor-element-fc20db4 e-con-full e-flex e-con e-child\" data-id=\"fc20db4\" data-element_type=\"container\" data-e-type=\"container\">\n\t\t\t\t<div class=\"elementor-element elementor-element-0c30037 elementor-widget elementor-widget-heading\" data-id=\"0c30037\" data-element_type=\"widget\" data-e-type=\"widget\" data-widget_type=\"heading.default\">\n\t\t\t\t\t<h2 class=\"elementor-heading-title elementor-size-default\">Un cadre parfait pour des f\u00eates de famille inoubliables<\/h2>\t\t\t\t<\/div>\n\t\t\t\t<div class=\"elementor-element elementor-element-d893914 elementor-widget elementor-widget-text-editor\" data-id=\"d893914\" data-element_type=\"widget\" data-e-type=\"widget\" data-widget_type=\"text-editor.default\">\n\t\t\t\t\t\t\t\t\t<p>Qu\u2019il s\u2019agisse d\u2019un anniversaire, d\u2019une f\u00eate de jubil\u00e9, d\u2019une communion ou d\u2019un mariage, le Haus Tiefenbach est le cadre id\u00e9al pour des f\u00eates de famille inoubliables. Nos locaux spacieux et climatis\u00e9s s\u2019adaptent de mani\u00e8re flexible \u00e0 la taille de votre groupe et offrent de la place pour les petits et les grands groupes. <\/p><p>La situation calme en pleine nature, combin\u00e9e \u00e0 notre cuisine r\u00e9gionale fra\u00eeche, cr\u00e9e une ambiance chaleureuse et harmonieuse dans laquelle tous les h\u00f4tes se sentent imm\u00e9diatement \u00e0 l\u2019aise.<br>Notre \u00e9quipe se fera un plaisir de vous accompagner dans la planification \u2013 du menu \u00e0 la d\u00e9coration festive de la salle \u2013 afin que vous puissiez profiter de votre journ\u00e9e sp\u00e9ciale en toute s\u00e9r\u00e9nit\u00e9.<\/p>\t\t\t\t\t\t\t\t<\/div>\n\t\t\t\t<\/div>\n\t\t<div class=\"elementor-element elementor-element-636d860 e-con-full e-flex e-con e-child\" data-id=\"636d860\" data-element_type=\"container\" data-e-type=\"container\">\n\t\t<div class=\"elementor-element elementor-element-f1a682d e-grid e-con-full e-con e-child\" data-id=\"f1a682d\" data-element_type=\"container\" data-e-type=\"container\">\n\t\t\t\t<div class=\"elementor-element elementor-element-235c325 elementor-widget elementor-widget-image\" data-id=\"235c325\" data-element_type=\"widget\" data-e-type=\"widget\" data-widget_type=\"image.default\">\n\t\t\t\t\t\t\t\t\t\t\t\t\t\t\t<img loading=\"lazy\" decoding=\"async\" width=\"1000\" height=\"500\" src=\"https:\/\/haus-tiefenbach.be\/wp-content\/uploads\/2025\/11\/haustiefenbach-DSCF9670.jpg\" class=\"attachment-full size-full wp-image-1056\" alt=\"\" srcset=\"https:\/\/haus-tiefenbach.be\/wp-content\/uploads\/2025\/11\/haustiefenbach-DSCF9670.jpg 1000w, https:\/\/haus-tiefenbach.be\/wp-content\/uploads\/2025\/11\/haustiefenbach-DSCF9670-300x150.jpg 300w, https:\/\/haus-tiefenbach.be\/wp-content\/uploads\/2025\/11\/haustiefenbach-DSCF9670-768x384.jpg 768w\" sizes=\"(max-width: 1000px) 100vw, 1000px\" \/>\t\t\t\t\t\t\t\t\t\t\t\t\t\t\t<\/div>\n\t\t\t\t<div class=\"elementor-element elementor-element-67f8be2 elementor-widget elementor-widget-image\" data-id=\"67f8be2\" data-element_type=\"widget\" data-e-type=\"widget\" data-widget_type=\"image.default\">\n\t\t\t\t\t\t\t\t\t\t\t\t\t\t\t<img loading=\"lazy\" decoding=\"async\" width=\"1000\" height=\"500\" src=\"https:\/\/haus-tiefenbach.be\/wp-content\/uploads\/2025\/12\/Schwanen-NEU-2024.jpg\" class=\"attachment-full size-full wp-image-2090\" alt=\"\" srcset=\"https:\/\/haus-tiefenbach.be\/wp-content\/uploads\/2025\/12\/Schwanen-NEU-2024.jpg 1000w, https:\/\/haus-tiefenbach.be\/wp-content\/uploads\/2025\/12\/Schwanen-NEU-2024-300x150.jpg 300w, https:\/\/haus-tiefenbach.be\/wp-content\/uploads\/2025\/12\/Schwanen-NEU-2024-768x384.jpg 768w\" sizes=\"(max-width: 1000px) 100vw, 1000px\" \/>\t\t\t\t\t\t\t\t\t\t\t\t\t\t\t<\/div>\n\t\t\t\t<\/div>\n\t\t\t\t<\/div>\n\t\t\t\t\t<\/div>\n\t\t\t\t<\/div>\n\t\t\t\t<\/div>\n\t\t","protected":false},"excerpt":{"rendered":"<p>Cuisine r\u00e9gionale, hospitalit\u00e9 chaleureuse. En savoir plus Bienvenue au restaurant Haus Tiefenbach Au c\u0153ur de la nature intacte des Hautes Fagnes \u2013 \u00e0 562 m d\u2019altitude dans le village idyllique de B\u00fcllingen \u2013 le restaurant Haus Tiefenbach vous accueille avec plaisir, convivialit\u00e9 et style. Au restaurant, nous accordons la plus grande importance aux produits r\u00e9gionaux [&hellip;]<\/p>\n","protected":false},"author":1,"featured_media":0,"parent":0,"menu_order":20,"comment_status":"closed","ping_status":"closed","template":"","meta":{"footnotes":""},"class_list":["post-2303","page","type-page","status-publish","hentry"],"_links":{"self":[{"href":"https:\/\/haus-tiefenbach.be\/fr\/wp-json\/wp\/v2\/pages\/2303","targetHints":{"allow":["GET"]}}],"collection":[{"href":"https:\/\/haus-tiefenbach.be\/fr\/wp-json\/wp\/v2\/pages"}],"about":[{"href":"https:\/\/haus-tiefenbach.be\/fr\/wp-json\/wp\/v2\/types\/page"}],"author":[{"embeddable":true,"href":"https:\/\/haus-tiefenbach.be\/fr\/wp-json\/wp\/v2\/users\/1"}],"replies":[{"embeddable":true,"href":"https:\/\/haus-tiefenbach.be\/fr\/wp-json\/wp\/v2\/comments?post=2303"}],"version-history":[{"count":3,"href":"https:\/\/haus-tiefenbach.be\/fr\/wp-json\/wp\/v2\/pages\/2303\/revisions"}],"predecessor-version":[{"id":2619,"href":"https:\/\/haus-tiefenbach.be\/fr\/wp-json\/wp\/v2\/pages\/2303\/revisions\/2619"}],"wp:attachment":[{"href":"https:\/\/haus-tiefenbach.be\/fr\/wp-json\/wp\/v2\/media?parent=2303"}],"curies":[{"name":"wp","href":"https:\/\/api.w.org\/{rel}","templated":true}]}}