{"id":2328,"date":"2025-08-23T09:39:10","date_gmt":"2025-08-23T09:39:10","guid":{"rendered":"https:\/\/tiefenbach.demosites.be\/bien-etre\/"},"modified":"2025-12-26T10:02:43","modified_gmt":"2025-12-26T10:02:43","slug":"bien-etre","status":"publish","type":"page","link":"https:\/\/haus-tiefenbach.be\/fr\/bien-etre\/","title":{"rendered":"Bien-\u00eatre"},"content":{"rendered":"\t\t<div data-elementor-type=\"wp-page\" data-elementor-id=\"2328\" class=\"elementor elementor-2328 elementor-31\" data-elementor-post-type=\"page\">\n\t\t\t\t<div class=\"elementor-element elementor-element-2da31626 e-con-full e-flex e-con e-parent\" data-id=\"2da31626\" data-element_type=\"container\" data-e-type=\"container\" data-settings=\"{&quot;background_background&quot;:&quot;slideshow&quot;,&quot;background_slideshow_ken_burns&quot;:&quot;yes&quot;,&quot;background_slideshow_gallery&quot;:[{&quot;id&quot;:1179,&quot;url&quot;:&quot;https:\\\/\\\/haus-tiefenbach.be\\\/wp-content\\\/uploads\\\/2025\\\/11\\\/TAO-2014-694-slider-Hotel-Tiefenbach-Wellness.jpg&quot;},{&quot;id&quot;:1115,&quot;url&quot;:&quot;https:\\\/\\\/haus-tiefenbach.be\\\/wp-content\\\/uploads\\\/2025\\\/11\\\/TAO-2014-693-Hotel-Tiefenbach-Wellness.jpg&quot;},{&quot;id&quot;:1119,&quot;url&quot;:&quot;https:\\\/\\\/haus-tiefenbach.be\\\/wp-content\\\/uploads\\\/2025\\\/11\\\/TAO-2014-703-Hotel-Tiefenbach-Wellness.jpg&quot;}],&quot;background_slideshow_loop&quot;:&quot;yes&quot;,&quot;background_slideshow_slide_duration&quot;:5000,&quot;background_slideshow_slide_transition&quot;:&quot;fade&quot;,&quot;background_slideshow_transition_duration&quot;:500,&quot;background_slideshow_ken_burns_zoom_direction&quot;:&quot;in&quot;}\">\n\t\t<div class=\"elementor-element elementor-element-10733347 elementor-hidden-mobile e-flex e-con-boxed e-con e-child\" data-id=\"10733347\" data-element_type=\"container\" data-e-type=\"container\" data-settings=\"{&quot;background_background&quot;:&quot;classic&quot;}\">\n\t\t\t\t\t<div class=\"e-con-inner\">\n\t\t\t\t<div class=\"elementor-element elementor-element-f17a4de elementor-widget elementor-widget-heading\" data-id=\"f17a4de\" data-element_type=\"widget\" data-e-type=\"widget\" data-widget_type=\"heading.default\">\n\t\t\t\t\t<h1 class=\"elementor-heading-title elementor-size-default\">Bien-\u00eatre et d\u00e9tente absolue \u00e0 l'Haus Tiefenbach.<\/h1>\t\t\t\t<\/div>\n\t\t\t\t\t<\/div>\n\t\t\t\t<\/div>\n\t\t\t\t<\/div>\n\t\t<div class=\"elementor-element elementor-element-9110c8e elementor-hidden-mobile e-flex e-con-boxed e-con e-parent\" data-id=\"9110c8e\" data-element_type=\"container\" data-e-type=\"container\">\n\t\t\t\t\t<div class=\"e-con-inner\">\n\t\t\t\t<div class=\"elementor-element elementor-element-1e5d116 elementor-align-center elementor-widget elementor-widget-button\" data-id=\"1e5d116\" data-element_type=\"widget\" data-e-type=\"widget\" data-widget_type=\"button.default\">\n\t\t\t\t\t\t\t\t\t\t<a class=\"elementor-button elementor-button-link elementor-size-sm\" href=\"#homepage\">\n\t\t\t\t\t\t<span class=\"elementor-button-content-wrapper\">\n\t\t\t\t\t\t\t\t\t<span class=\"elementor-button-text\">En savoir plus<\/span>\n\t\t\t\t\t<\/span>\n\t\t\t\t\t<\/a>\n\t\t\t\t\t\t\t\t<\/div>\n\t\t\t\t\t<\/div>\n\t\t\t\t<\/div>\n\t\t<div class=\"elementor-element elementor-element-f94c189 e-flex e-con-boxed e-con e-parent\" data-id=\"f94c189\" data-element_type=\"container\" data-e-type=\"container\" data-settings=\"{&quot;background_background&quot;:&quot;classic&quot;}\">\n\t\t\t\t\t<div class=\"e-con-inner\">\n\t\t<div class=\"elementor-element elementor-element-da42092 e-flex e-con-boxed e-con e-child\" data-id=\"da42092\" data-element_type=\"container\" data-e-type=\"container\">\n\t\t\t\t\t<div class=\"e-con-inner\">\n\t\t\t\t<div class=\"elementor-element elementor-element-b001cdc elementor-widget elementor-widget-menu-anchor\" data-id=\"b001cdc\" data-element_type=\"widget\" data-e-type=\"widget\" data-widget_type=\"menu-anchor.default\">\n\t\t\t\t\t\t\t<div class=\"elementor-menu-anchor\" id=\"pagedaccueil\"><\/div>\n\t\t\t\t\t\t<\/div>\n\t\t\t\t<div class=\"elementor-element elementor-element-c810e4e elementor-widget elementor-widget-heading\" data-id=\"c810e4e\" data-element_type=\"widget\" data-e-type=\"widget\" data-widget_type=\"heading.default\">\n\t\t\t\t\t<h1 class=\"elementor-heading-title elementor-size-default\">Wellness Haus Tiefenbach<\/h1>\t\t\t\t<\/div>\n\t\t\t\t\t<\/div>\n\t\t\t\t<\/div>\n\t\t<div class=\"elementor-element elementor-element-6fb9b91 e-flex e-con-boxed e-con e-child\" data-id=\"6fb9b91\" data-element_type=\"container\" data-e-type=\"container\">\n\t\t\t\t\t<div class=\"e-con-inner\">\n\t\t\t\t<div class=\"elementor-element elementor-element-9b8154b elementor-widget elementor-widget-text-editor\" data-id=\"9b8154b\" data-element_type=\"widget\" data-e-type=\"widget\" data-widget_type=\"text-editor.default\">\n\t\t\t\t\t\t\t\t\t\u00c0 l&rsquo;Haus Tiefenbach, un espace bien-\u00eatre moderne vous attend, enti\u00e8rement ax\u00e9 sur votre d\u00e9tente. Diff\u00e9rents saunas, un espace de repos spacieux et une piscine int\u00e9rieure vous invitent \u00e0 vous d\u00e9connecter. Deux terrasses ensoleill\u00e9es offrent un espace pour respirer l&rsquo;air frais, tandis que les salles de beaut\u00e9 et de massage, am\u00e9nag\u00e9es avec amour, vous r\u00e9servent des soins bienfaisants et de v\u00e9ritables moments de plaisir. Vous y trouverez calme, repos et \u00e9nergie nouvelle, \u00e0 votre propre rythme.   \t\t\t\t\t\t\t\t<\/div>\n\t\t\t\t\t<\/div>\n\t\t\t\t<\/div>\n\t\t\t\t\t<\/div>\n\t\t\t\t<\/div>\n\t\t<div class=\"elementor-element elementor-element-c3b151a e-flex e-con-boxed e-con e-parent\" data-id=\"c3b151a\" data-element_type=\"container\" data-e-type=\"container\" data-settings=\"{&quot;background_background&quot;:&quot;classic&quot;}\">\n\t\t\t\t\t<div class=\"e-con-inner\">\n\t\t<div class=\"elementor-element elementor-element-8af36f2 e-con-full e-flex e-con e-child\" data-id=\"8af36f2\" data-element_type=\"container\" data-e-type=\"container\">\n\t\t\t\t<div class=\"elementor-element elementor-element-677b814 elementor--h-position-center elementor--v-position-middle elementor-arrows-position-inside elementor-pagination-position-inside elementor-widget elementor-widget-slides\" data-id=\"677b814\" data-element_type=\"widget\" data-e-type=\"widget\" data-settings=\"{&quot;navigation&quot;:&quot;both&quot;,&quot;autoplay&quot;:&quot;yes&quot;,&quot;pause_on_hover&quot;:&quot;yes&quot;,&quot;pause_on_interaction&quot;:&quot;yes&quot;,&quot;autoplay_speed&quot;:5000,&quot;infinite&quot;:&quot;yes&quot;,&quot;transition&quot;:&quot;slide&quot;,&quot;transition_speed&quot;:500}\" data-widget_type=\"slides.default\">\n\t\t\t\t\t\t\t\t\t\t<div class=\"elementor-slides-wrapper elementor-main-swiper swiper\" role=\"region\" aria-roledescription=\"carousel\" aria-label=\"Slides\" dir=\"ltr\" data-animation=\"fadeInUp\">\n\t\t\t\t<div class=\"swiper-wrapper elementor-slides\">\n\t\t\t\t\t\t\t\t\t\t<div class=\"elementor-repeater-item-d15823a swiper-slide\" role=\"group\" aria-roledescription=\"slide\"><div class=\"swiper-slide-bg elementor-ken-burns elementor-ken-burns--in\" role=\"img\" aria-label=\"TAO-2014-731-Hotel-Tiefenbach-Wellness\"><\/div><div class=\"swiper-slide-inner\" ><div class=\"swiper-slide-contents\"><\/div><\/div><\/div><div class=\"elementor-repeater-item-1484fb8 swiper-slide\" role=\"group\" aria-roledescription=\"slide\"><div class=\"swiper-slide-bg elementor-ken-burns elementor-ken-burns--in\" role=\"img\" aria-label=\"TAO-2014-691-Hotel-Tiefenbach-Wellness\"><\/div><div class=\"swiper-slide-inner\" ><div class=\"swiper-slide-contents\"><\/div><\/div><\/div><div class=\"elementor-repeater-item-3b42c77 swiper-slide\" role=\"group\" aria-roledescription=\"slide\"><div class=\"swiper-slide-bg elementor-ken-burns elementor-ken-burns--in\" role=\"img\" aria-label=\"TAO-2014-692-Hotel-Tiefenbach-Wellness\"><\/div><div class=\"swiper-slide-inner\" ><div class=\"swiper-slide-contents\"><\/div><\/div><\/div>\t\t\t\t<\/div>\n\t\t\t\t\t\t\t\t\t\t\t\t\t\t\t<div class=\"elementor-swiper-button elementor-swiper-button-prev\" role=\"button\" tabindex=\"0\" aria-label=\"Diapositive pr\u00e9c\u00e9dente\">\n\t\t\t\t\t\t\t<svg aria-hidden=\"true\" class=\"e-font-icon-svg e-eicon-chevron-left\" viewBox=\"0 0 1000 1000\" xmlns=\"http:\/\/www.w3.org\/2000\/svg\"><path d=\"M646 125C629 125 613 133 604 142L308 442C296 454 292 471 292 487 292 504 296 521 308 533L604 854C617 867 629 875 646 875 663 875 679 871 692 858 704 846 713 829 713 812 713 796 708 779 692 767L438 487 692 225C700 217 708 204 708 187 708 171 704 154 692 142 675 129 663 125 646 125Z\"><\/path><\/svg>\t\t\t\t\t\t<\/div>\n\t\t\t\t\t\t<div class=\"elementor-swiper-button elementor-swiper-button-next\" role=\"button\" tabindex=\"0\" aria-label=\"Diapositive suivante\">\n\t\t\t\t\t\t\t<svg aria-hidden=\"true\" class=\"e-font-icon-svg e-eicon-chevron-right\" viewBox=\"0 0 1000 1000\" xmlns=\"http:\/\/www.w3.org\/2000\/svg\"><path d=\"M696 533C708 521 713 504 713 487 713 471 708 454 696 446L400 146C388 133 375 125 354 125 338 125 325 129 313 142 300 154 292 171 292 187 292 204 296 221 308 233L563 492 304 771C292 783 288 800 288 817 288 833 296 850 308 863 321 871 338 875 354 875 371 875 388 867 400 854L696 533Z\"><\/path><\/svg>\t\t\t\t\t\t<\/div>\n\t\t\t\t\t\t\t\t\t\t\t\t\t\t\t\t<div class=\"swiper-pagination\"><\/div>\n\t\t\t\t\t\t\t\t\t\t\t\t<\/div>\n\t\t\t\t\t\t\t\t<\/div>\n\t\t\t\t<\/div>\n\t\t<div class=\"elementor-element elementor-element-c00c01f e-con-full e-flex e-con e-child\" data-id=\"c00c01f\" data-element_type=\"container\" data-e-type=\"container\">\n\t\t\t\t<div class=\"elementor-element elementor-element-795549f elementor-widget elementor-widget-heading\" data-id=\"795549f\" data-element_type=\"widget\" data-e-type=\"widget\" data-widget_type=\"heading.default\">\n\t\t\t\t\t<h1 class=\"elementor-heading-title elementor-size-default\">D\u00e9tente profonde dans une ambiance de bien-\u00eatre balinaise<\/h1>\t\t\t\t<\/div>\n\t\t\t\t<div class=\"elementor-element elementor-element-85648bf elementor-widget elementor-widget-text-editor\" data-id=\"85648bf\" data-element_type=\"widget\" data-e-type=\"widget\" data-widget_type=\"text-editor.default\">\n\t\t\t\t\t\t\t\t\t<p>Dans notre espace bien-\u00eatre, nous travaillons en collaboration avec Shangri-La Bali Massage \u00e0 B\u00fcllingen, sp\u00e9cialis\u00e9 dans la massoth\u00e9rapie balinaise authentique. Ainsi, \u00e0 l&rsquo;Haus Tiefenbach, vous pouvez profiter de soins professionnels qui harmonisent le corps, l&rsquo;esprit et l&rsquo;\u00e2me. <\/p><p>L&rsquo;offre comprend entre autres des massages balinais complets, des massages du dos, des massages indiens de la t\u00eate, de la nuque, des \u00e9paules et du visage, un drainage lymphatique doux pour tout le corps, des massages pour femmes enceintes, l&rsquo;exclusif Bali Ritual SPA Shirodhara-Ritual, ainsi que des massages des mains et des pieds, des massages pour seniors et des massages pour enfants (8-14 ans).<\/p><p><strong>Renseignez-vous sur les soins et les rendez-vous disponibles lors de votre r\u00e9servation.<\/strong><\/p>\t\t\t\t\t\t\t\t<\/div>\n\t\t\t\t<\/div>\n\t\t\t\t\t<\/div>\n\t\t\t\t<\/div>\n\t\t<div class=\"elementor-element elementor-element-50fef45 e-flex e-con-boxed e-con e-parent\" data-id=\"50fef45\" data-element_type=\"container\" data-e-type=\"container\" data-settings=\"{&quot;background_background&quot;:&quot;classic&quot;}\">\n\t\t\t\t\t<div class=\"e-con-inner\">\n\t\t<div class=\"elementor-element elementor-element-16327fa e-con-full e-flex e-con e-child\" data-id=\"16327fa\" data-element_type=\"container\" data-e-type=\"container\">\n\t\t\t\t<div class=\"elementor-element elementor-element-bf7ae10 elementor-widget elementor-widget-heading\" data-id=\"bf7ae10\" data-element_type=\"widget\" data-e-type=\"widget\" data-widget_type=\"heading.default\">\n\t\t\t\t\t<h2 class=\"elementor-heading-title elementor-size-default\">Piscine et offres de beaut\u00e9 et de bien-\u00eatre<\/h2>\t\t\t\t<\/div>\n\t\t\t\t<\/div>\n\t\t<div class=\"elementor-element elementor-element-a055ae9 e-con-full e-flex e-con e-child\" data-id=\"a055ae9\" data-element_type=\"container\" data-e-type=\"container\">\n\t\t<div class=\"elementor-element elementor-element-4268d66 e-con-full e-flex e-con e-child\" data-id=\"4268d66\" data-element_type=\"container\" data-e-type=\"container\">\n\t\t<div class=\"elementor-element elementor-element-290e555 e-con-full e-flex e-con e-child\" data-id=\"290e555\" data-element_type=\"container\" data-e-type=\"container\">\n\t\t\t\t<div class=\"elementor-element elementor-element-3be8eb3f elementor-widget elementor-widget-image\" data-id=\"3be8eb3f\" data-element_type=\"widget\" data-e-type=\"widget\" data-widget_type=\"image.default\">\n\t\t\t\t\t\t\t\t\t\t\t\t\t\t\t\t<a href=\"https:\/\/haus-tiefenbach.be\/wp-content\/uploads\/2025\/11\/TAO-2014-690-Hotel-Tiefenbach-Wellness.jpg\" data-elementor-open-lightbox=\"yes\" data-elementor-lightbox-title=\"TAO-2014-690-Hotel-Tiefenbach-Wellness\" data-e-action-hash=\"#elementor-action%3Aaction%3Dlightbox%26settings%3DeyJpZCI6MTEzOSwidXJsIjoiaHR0cHM6XC9cL2hhdXMtdGllZmVuYmFjaC5iZVwvd3AtY29udGVudFwvdXBsb2Fkc1wvMjAyNVwvMTFcL1RBTy0yMDE0LTY5MC1Ib3RlbC1UaWVmZW5iYWNoLVdlbGxuZXNzLmpwZyJ9\">\n\t\t\t\t\t\t\t<img fetchpriority=\"high\" decoding=\"async\" width=\"800\" height=\"525\" src=\"https:\/\/haus-tiefenbach.be\/wp-content\/uploads\/2025\/11\/TAO-2014-690-Hotel-Tiefenbach-Wellness.jpg\" class=\"attachment-large size-large wp-image-1139\" alt=\"\" srcset=\"https:\/\/haus-tiefenbach.be\/wp-content\/uploads\/2025\/11\/TAO-2014-690-Hotel-Tiefenbach-Wellness.jpg 1000w, https:\/\/haus-tiefenbach.be\/wp-content\/uploads\/2025\/11\/TAO-2014-690-Hotel-Tiefenbach-Wellness-300x197.jpg 300w, https:\/\/haus-tiefenbach.be\/wp-content\/uploads\/2025\/11\/TAO-2014-690-Hotel-Tiefenbach-Wellness-768x504.jpg 768w\" sizes=\"(max-width: 800px) 100vw, 800px\" \/>\t\t\t\t\t\t\t\t<\/a>\n\t\t\t\t\t\t\t\t\t\t\t\t\t\t\t<\/div>\n\t\t\t\t<\/div>\n\t\t<div class=\"elementor-element elementor-element-d2915a4 e-con-full e-flex e-con e-child\" data-id=\"d2915a4\" data-element_type=\"container\" data-e-type=\"container\">\n\t\t\t\t<div class=\"elementor-element elementor-element-4c524eb9 elementor-widget elementor-widget-image\" data-id=\"4c524eb9\" data-element_type=\"widget\" data-e-type=\"widget\" data-widget_type=\"image.default\">\n\t\t\t\t\t\t\t\t\t\t\t\t\t\t\t\t<a href=\"https:\/\/haus-tiefenbach.be\/wp-content\/uploads\/2025\/11\/TAO-2014-694-Hotel-Tiefenbach-Wellness.jpg\" data-elementor-open-lightbox=\"yes\" data-elementor-lightbox-title=\"TAO-2014-694-Hotel-Tiefenbach-Wellness\" data-e-action-hash=\"#elementor-action%3Aaction%3Dlightbox%26settings%3DeyJpZCI6MTE0MywidXJsIjoiaHR0cHM6XC9cL2hhdXMtdGllZmVuYmFjaC5iZVwvd3AtY29udGVudFwvdXBsb2Fkc1wvMjAyNVwvMTFcL1RBTy0yMDE0LTY5NC1Ib3RlbC1UaWVmZW5iYWNoLVdlbGxuZXNzLmpwZyJ9\">\n\t\t\t\t\t\t\t<img decoding=\"async\" width=\"800\" height=\"525\" src=\"https:\/\/haus-tiefenbach.be\/wp-content\/uploads\/2025\/11\/TAO-2014-694-Hotel-Tiefenbach-Wellness.jpg\" class=\"attachment-large size-large wp-image-1143\" alt=\"\" srcset=\"https:\/\/haus-tiefenbach.be\/wp-content\/uploads\/2025\/11\/TAO-2014-694-Hotel-Tiefenbach-Wellness.jpg 1000w, https:\/\/haus-tiefenbach.be\/wp-content\/uploads\/2025\/11\/TAO-2014-694-Hotel-Tiefenbach-Wellness-300x197.jpg 300w, https:\/\/haus-tiefenbach.be\/wp-content\/uploads\/2025\/11\/TAO-2014-694-Hotel-Tiefenbach-Wellness-768x504.jpg 768w\" sizes=\"(max-width: 800px) 100vw, 800px\" \/>\t\t\t\t\t\t\t\t<\/a>\n\t\t\t\t\t\t\t\t\t\t\t\t\t\t\t<\/div>\n\t\t\t\t<\/div>\n\t\t<div class=\"elementor-element elementor-element-cedfa0e e-con-full e-flex e-con e-child\" data-id=\"cedfa0e\" data-element_type=\"container\" data-e-type=\"container\">\n\t\t\t\t<div class=\"elementor-element elementor-element-5c86a8b1 elementor-widget elementor-widget-image\" data-id=\"5c86a8b1\" data-element_type=\"widget\" data-e-type=\"widget\" data-widget_type=\"image.default\">\n\t\t\t\t\t\t\t\t\t\t\t\t\t\t\t\t<a href=\"https:\/\/haus-tiefenbach.be\/wp-content\/uploads\/2025\/11\/TAO-2014-702-Hotel-Tiefenbach-Wellness.jpg\" data-elementor-open-lightbox=\"yes\" data-elementor-lightbox-title=\"TAO-2014-702-Hotel-Tiefenbach-Wellness\" data-e-action-hash=\"#elementor-action%3Aaction%3Dlightbox%26settings%3DeyJpZCI6MTE1NSwidXJsIjoiaHR0cHM6XC9cL2hhdXMtdGllZmVuYmFjaC5iZVwvd3AtY29udGVudFwvdXBsb2Fkc1wvMjAyNVwvMTFcL1RBTy0yMDE0LTcwMi1Ib3RlbC1UaWVmZW5iYWNoLVdlbGxuZXNzLmpwZyJ9\">\n\t\t\t\t\t\t\t<img decoding=\"async\" width=\"800\" height=\"525\" src=\"https:\/\/haus-tiefenbach.be\/wp-content\/uploads\/2025\/11\/TAO-2014-702-Hotel-Tiefenbach-Wellness.jpg\" class=\"attachment-large size-large wp-image-1155\" alt=\"\" srcset=\"https:\/\/haus-tiefenbach.be\/wp-content\/uploads\/2025\/11\/TAO-2014-702-Hotel-Tiefenbach-Wellness.jpg 1000w, https:\/\/haus-tiefenbach.be\/wp-content\/uploads\/2025\/11\/TAO-2014-702-Hotel-Tiefenbach-Wellness-300x197.jpg 300w, https:\/\/haus-tiefenbach.be\/wp-content\/uploads\/2025\/11\/TAO-2014-702-Hotel-Tiefenbach-Wellness-768x504.jpg 768w\" sizes=\"(max-width: 800px) 100vw, 800px\" \/>\t\t\t\t\t\t\t\t<\/a>\n\t\t\t\t\t\t\t\t\t\t\t\t\t\t\t<\/div>\n\t\t\t\t<\/div>\n\t\t\t\t<\/div>\n\t\t<div class=\"elementor-element elementor-element-b93c4a7 e-con-full e-flex e-con e-child\" data-id=\"b93c4a7\" data-element_type=\"container\" data-e-type=\"container\">\n\t\t<div class=\"elementor-element elementor-element-22c3957 e-con-full e-flex e-con e-child\" data-id=\"22c3957\" data-element_type=\"container\" data-e-type=\"container\">\n\t\t\t\t<div class=\"elementor-element elementor-element-12cf699 elementor-widget elementor-widget-image\" data-id=\"12cf699\" data-element_type=\"widget\" data-e-type=\"widget\" data-widget_type=\"image.default\">\n\t\t\t\t\t\t\t\t\t\t\t\t\t\t\t\t<a href=\"https:\/\/haus-tiefenbach.be\/wp-content\/uploads\/2025\/11\/TAO-2014-714-Hotel-Tiefenbach-Wellness.jpg\" data-elementor-open-lightbox=\"yes\" data-elementor-lightbox-title=\"TAO-2014-714-Hotel-Tiefenbach-Wellness\" data-e-action-hash=\"#elementor-action%3Aaction%3Dlightbox%26settings%3DeyJpZCI6MTE1OSwidXJsIjoiaHR0cHM6XC9cL2hhdXMtdGllZmVuYmFjaC5iZVwvd3AtY29udGVudFwvdXBsb2Fkc1wvMjAyNVwvMTFcL1RBTy0yMDE0LTcxNC1Ib3RlbC1UaWVmZW5iYWNoLVdlbGxuZXNzLmpwZyJ9\">\n\t\t\t\t\t\t\t<img loading=\"lazy\" decoding=\"async\" width=\"800\" height=\"525\" src=\"https:\/\/haus-tiefenbach.be\/wp-content\/uploads\/2025\/11\/TAO-2014-714-Hotel-Tiefenbach-Wellness.jpg\" class=\"attachment-large size-large wp-image-1159\" alt=\"\" srcset=\"https:\/\/haus-tiefenbach.be\/wp-content\/uploads\/2025\/11\/TAO-2014-714-Hotel-Tiefenbach-Wellness.jpg 1000w, https:\/\/haus-tiefenbach.be\/wp-content\/uploads\/2025\/11\/TAO-2014-714-Hotel-Tiefenbach-Wellness-300x197.jpg 300w, https:\/\/haus-tiefenbach.be\/wp-content\/uploads\/2025\/11\/TAO-2014-714-Hotel-Tiefenbach-Wellness-768x504.jpg 768w\" sizes=\"(max-width: 800px) 100vw, 800px\" \/>\t\t\t\t\t\t\t\t<\/a>\n\t\t\t\t\t\t\t\t\t\t\t\t\t\t\t<\/div>\n\t\t\t\t<\/div>\n\t\t<div class=\"elementor-element elementor-element-27132b2 e-con-full e-flex e-con e-child\" data-id=\"27132b2\" data-element_type=\"container\" data-e-type=\"container\">\n\t\t\t\t<div class=\"elementor-element elementor-element-69f6d915 elementor-widget elementor-widget-image\" data-id=\"69f6d915\" data-element_type=\"widget\" data-e-type=\"widget\" data-widget_type=\"image.default\">\n\t\t\t\t\t\t\t\t\t\t\t\t\t\t\t\t<a href=\"https:\/\/haus-tiefenbach.be\/wp-content\/uploads\/2025\/11\/TAO-2014-709-Hotel-Tiefenbach-Wellness.jpg\" data-elementor-open-lightbox=\"yes\" data-elementor-lightbox-title=\"TAO-2014-709-Hotel-Tiefenbach-Wellness\" data-e-action-hash=\"#elementor-action%3Aaction%3Dlightbox%26settings%3DeyJpZCI6MTE3MSwidXJsIjoiaHR0cHM6XC9cL2hhdXMtdGllZmVuYmFjaC5iZVwvd3AtY29udGVudFwvdXBsb2Fkc1wvMjAyNVwvMTFcL1RBTy0yMDE0LTcwOS1Ib3RlbC1UaWVmZW5iYWNoLVdlbGxuZXNzLmpwZyJ9\">\n\t\t\t\t\t\t\t<img loading=\"lazy\" decoding=\"async\" width=\"800\" height=\"525\" src=\"https:\/\/haus-tiefenbach.be\/wp-content\/uploads\/2025\/11\/TAO-2014-709-Hotel-Tiefenbach-Wellness.jpg\" class=\"attachment-large size-large wp-image-1171\" alt=\"\" srcset=\"https:\/\/haus-tiefenbach.be\/wp-content\/uploads\/2025\/11\/TAO-2014-709-Hotel-Tiefenbach-Wellness.jpg 1000w, https:\/\/haus-tiefenbach.be\/wp-content\/uploads\/2025\/11\/TAO-2014-709-Hotel-Tiefenbach-Wellness-300x197.jpg 300w, https:\/\/haus-tiefenbach.be\/wp-content\/uploads\/2025\/11\/TAO-2014-709-Hotel-Tiefenbach-Wellness-768x504.jpg 768w\" sizes=\"(max-width: 800px) 100vw, 800px\" \/>\t\t\t\t\t\t\t\t<\/a>\n\t\t\t\t\t\t\t\t\t\t\t\t\t\t\t<\/div>\n\t\t\t\t<\/div>\n\t\t<div class=\"elementor-element elementor-element-44a8ce5 e-con-full e-flex e-con e-child\" data-id=\"44a8ce5\" data-element_type=\"container\" data-e-type=\"container\">\n\t\t\t\t<div class=\"elementor-element elementor-element-6702411c elementor-widget elementor-widget-image\" data-id=\"6702411c\" data-element_type=\"widget\" data-e-type=\"widget\" data-widget_type=\"image.default\">\n\t\t\t\t\t\t\t\t\t\t\t\t\t\t\t\t<a href=\"https:\/\/haus-tiefenbach.be\/wp-content\/uploads\/2025\/11\/TAO-2014-707-Hotel-Tiefenbach-Wellness.jpg\" data-elementor-open-lightbox=\"yes\" data-elementor-lightbox-title=\"TAO-2014-707-Hotel-Tiefenbach-Wellness\" data-e-action-hash=\"#elementor-action%3Aaction%3Dlightbox%26settings%3DeyJpZCI6MTE2NywidXJsIjoiaHR0cHM6XC9cL2hhdXMtdGllZmVuYmFjaC5iZVwvd3AtY29udGVudFwvdXBsb2Fkc1wvMjAyNVwvMTFcL1RBTy0yMDE0LTcwNy1Ib3RlbC1UaWVmZW5iYWNoLVdlbGxuZXNzLmpwZyJ9\">\n\t\t\t\t\t\t\t<img loading=\"lazy\" decoding=\"async\" width=\"800\" height=\"525\" src=\"https:\/\/haus-tiefenbach.be\/wp-content\/uploads\/2025\/11\/TAO-2014-707-Hotel-Tiefenbach-Wellness.jpg\" class=\"attachment-large size-large wp-image-1167\" alt=\"\" srcset=\"https:\/\/haus-tiefenbach.be\/wp-content\/uploads\/2025\/11\/TAO-2014-707-Hotel-Tiefenbach-Wellness.jpg 1000w, https:\/\/haus-tiefenbach.be\/wp-content\/uploads\/2025\/11\/TAO-2014-707-Hotel-Tiefenbach-Wellness-300x197.jpg 300w, https:\/\/haus-tiefenbach.be\/wp-content\/uploads\/2025\/11\/TAO-2014-707-Hotel-Tiefenbach-Wellness-768x504.jpg 768w\" sizes=\"(max-width: 800px) 100vw, 800px\" \/>\t\t\t\t\t\t\t\t<\/a>\n\t\t\t\t\t\t\t\t\t\t\t\t\t\t\t<\/div>\n\t\t\t\t<\/div>\n\t\t\t\t<\/div>\n\t\t\t\t<\/div>\n\t\t<div class=\"elementor-element elementor-element-22e9edc e-con-full e-flex e-con e-child\" data-id=\"22e9edc\" data-element_type=\"container\" data-e-type=\"container\">\n\t\t\t\t<div class=\"elementor-element elementor-element-884eac9 elementor-widget elementor-widget-text-editor\" data-id=\"884eac9\" data-element_type=\"widget\" data-e-type=\"widget\" data-widget_type=\"text-editor.default\">\n\t\t\t\t\t\t\t\t\t<p>Sauna de cristal (90\u00b0) ~ Biosauna (60\u00b0) ~ Grotte de vapeur (40\u00b0) ~ Cabine infrarouge ~ <br>Salle de relaxation ~ Massage Shangri-La (Massage balinais)<\/p>\t\t\t\t\t\t\t\t<\/div>\n\t\t\t\t<\/div>\n\t\t\t\t\t<\/div>\n\t\t\t\t<\/div>\n\t\t\t\t<\/div>\n\t\t","protected":false},"excerpt":{"rendered":"<p>Bien-\u00eatre et d\u00e9tente absolue \u00e0 l&rsquo;Haus Tiefenbach. En savoir plus Wellness Haus Tiefenbach \u00c0 l&rsquo;Haus Tiefenbach, un espace bien-\u00eatre moderne vous attend, enti\u00e8rement ax\u00e9 sur votre d\u00e9tente. Diff\u00e9rents saunas, un espace de repos spacieux et une piscine int\u00e9rieure vous invitent \u00e0 vous d\u00e9connecter. Deux terrasses ensoleill\u00e9es offrent un espace pour respirer l&rsquo;air frais, tandis que [&hellip;]<\/p>\n","protected":false},"author":1,"featured_media":0,"parent":0,"menu_order":30,"comment_status":"closed","ping_status":"closed","template":"","meta":{"footnotes":""},"class_list":["post-2328","page","type-page","status-publish","hentry"],"_links":{"self":[{"href":"https:\/\/haus-tiefenbach.be\/fr\/wp-json\/wp\/v2\/pages\/2328","targetHints":{"allow":["GET"]}}],"collection":[{"href":"https:\/\/haus-tiefenbach.be\/fr\/wp-json\/wp\/v2\/pages"}],"about":[{"href":"https:\/\/haus-tiefenbach.be\/fr\/wp-json\/wp\/v2\/types\/page"}],"author":[{"embeddable":true,"href":"https:\/\/haus-tiefenbach.be\/fr\/wp-json\/wp\/v2\/users\/1"}],"replies":[{"embeddable":true,"href":"https:\/\/haus-tiefenbach.be\/fr\/wp-json\/wp\/v2\/comments?post=2328"}],"version-history":[{"count":2,"href":"https:\/\/haus-tiefenbach.be\/fr\/wp-json\/wp\/v2\/pages\/2328\/revisions"}],"predecessor-version":[{"id":2587,"href":"https:\/\/haus-tiefenbach.be\/fr\/wp-json\/wp\/v2\/pages\/2328\/revisions\/2587"}],"wp:attachment":[{"href":"https:\/\/haus-tiefenbach.be\/fr\/wp-json\/wp\/v2\/media?parent=2328"}],"curies":[{"name":"wp","href":"https:\/\/api.w.org\/{rel}","templated":true}]}}