{"id":2195,"date":"2025-11-20T12:10:37","date_gmt":"2025-11-20T12:10:37","guid":{"rendered":"https:\/\/tiefenbach.demosites.be\/prijzen-arrangementen\/"},"modified":"2025-12-16T09:58:03","modified_gmt":"2025-12-16T09:58:03","slug":"prijzen-arrangementen","status":"publish","type":"page","link":"https:\/\/haus-tiefenbach.be\/nl\/prijzen-arrangementen\/","title":{"rendered":"Prijzen &amp; arrangementen"},"content":{"rendered":"\t\t<div data-elementor-type=\"wp-page\" data-elementor-id=\"2195\" class=\"elementor elementor-2195 elementor-2006\" data-elementor-post-type=\"page\">\n\t\t\t\t<div class=\"elementor-element elementor-element-2af763c e-flex e-con-boxed e-con e-parent\" data-id=\"2af763c\" data-element_type=\"container\" data-e-type=\"container\">\n\t\t\t\t\t<div class=\"e-con-inner\">\n\t\t\t\t<div class=\"elementor-element elementor-element-d9c8534 elementor-widget elementor-widget-heading\" data-id=\"d9c8534\" data-element_type=\"widget\" data-e-type=\"widget\" data-widget_type=\"heading.default\">\n\t\t\t\t\t<h2 class=\"elementor-heading-title elementor-size-default\">Prijzen en arrangementen<\/h2>\t\t\t\t<\/div>\n\t\t\t\t<div class=\"elementor-element elementor-element-c2cf1f0 elementor-widget elementor-widget-n-accordion\" data-id=\"c2cf1f0\" data-element_type=\"widget\" data-e-type=\"widget\" data-settings=\"{&quot;default_state&quot;:&quot;expanded&quot;,&quot;max_items_expended&quot;:&quot;one&quot;,&quot;n_accordion_animation_duration&quot;:{&quot;unit&quot;:&quot;ms&quot;,&quot;size&quot;:400,&quot;sizes&quot;:[]}}\" data-widget_type=\"nested-accordion.default\">\n\t\t\t\t\t\t\t<div class=\"e-n-accordion\" aria-label=\"Accordion. Open links with Enter or Space, close with Escape, and navigate with Arrow Keys\">\n\t\t\t\t\t\t<details id=\"e-n-accordion-item-2040\" class=\"e-n-accordion-item\" open>\n\t\t\t\t<summary class=\"e-n-accordion-item-title\" data-accordion-index=\"1\" tabindex=\"0\" aria-expanded=\"true\" aria-controls=\"e-n-accordion-item-2040\" >\n\t\t\t\t\t<span class='e-n-accordion-item-title-header'><div class=\"e-n-accordion-item-title-text\"> ARRANGEMENTEN <\/div><\/span>\n\t\t\t\t\t\t\t<span class='e-n-accordion-item-title-icon'>\n\t\t\t<span class='e-opened' ><svg aria-hidden=\"true\" class=\"e-font-icon-svg e-fas-minus\" viewBox=\"0 0 448 512\" xmlns=\"http:\/\/www.w3.org\/2000\/svg\"><path d=\"M416 208H32c-17.67 0-32 14.33-32 32v32c0 17.67 14.33 32 32 32h384c17.67 0 32-14.33 32-32v-32c0-17.67-14.33-32-32-32z\"><\/path><\/svg><\/span>\n\t\t\t<span class='e-closed'><svg aria-hidden=\"true\" class=\"e-font-icon-svg e-fas-plus\" viewBox=\"0 0 448 512\" xmlns=\"http:\/\/www.w3.org\/2000\/svg\"><path d=\"M416 208H272V64c0-17.67-14.33-32-32-32h-32c-17.67 0-32 14.33-32 32v144H32c-17.67 0-32 14.33-32 32v32c0 17.67 14.33 32 32 32h144v144c0 17.67 14.33 32 32 32h32c17.67 0 32-14.33 32-32V304h144c17.67 0 32-14.33 32-32v-32c0-17.67-14.33-32-32-32z\"><\/path><\/svg><\/span>\n\t\t<\/span>\n\n\t\t\t\t\t\t<\/summary>\n\t\t\t\t<div role=\"region\" aria-labelledby=\"e-n-accordion-item-2040\" class=\"elementor-element elementor-element-aa68de6 e-con-full e-flex e-con e-child\" data-id=\"aa68de6\" data-element_type=\"container\" data-e-type=\"container\" data-settings=\"{&quot;background_background&quot;:&quot;classic&quot;}\">\n\t\t\t\t<div class=\"elementor-element elementor-element-7bd3d63 elementor-widget elementor-widget-shortcode\" data-id=\"7bd3d63\" data-element_type=\"widget\" data-e-type=\"widget\" data-widget_type=\"shortcode.default\">\n\t\t\t\t\t\t\t<div class=\"elementor-shortcode\"><div class=\"om-page-shortcode\" data-page-id=\"2225\"><div class=\"om-accordion-rates\">\n<h4><span style=\"color: #68705c;\"><strong>Kamerprijzen per persoon per dag in halfpension<\/strong><\/span><br \/>\n<span style=\"color: #68705c;\"><strong>(ontbijtbuffet en &#8217;s avonds een 4-gangenmenu)<\/strong><\/span><\/h4>\n<table>\n<thead>\n<tr>\n<th>Kamer categorie\u00ebn<\/th>\n<th>Prijs vanaf<\/th>\n<\/tr>\n<\/thead>\n<tbody>\n<tr>\n<td>Tiefenbach<\/td>\n<td>vanaf \u20ac 105<\/td>\n<\/tr>\n<tr>\n<td>Gr\u00fcner Baum<\/td>\n<td>vanaf \u20ac 124<\/td>\n<\/tr>\n<tr>\n<td>Hoher Berg<\/td>\n<td>vanaf \u20ac 139<\/td>\n<\/tr>\n<\/tbody>\n<\/table>\n<p>Bij een reservering zonder diner ontvangt u een korting van <strong>\u20ac 20 per persoon per dag<\/strong>.<\/p>\n<h4><span style=\"color: #68705c;\">Kinderen op de kamer van de ouders<\/span><\/h4>\n<table>\n<thead>\n<tr>\n<th>Leeftijd<\/th>\n<th>Prijs per kind per dag<\/th>\n<\/tr>\n<\/thead>\n<tbody>\n<tr>\n<td>0 \u2013 3 jaar<\/td>\n<td>\u20ac 15,00<\/td>\n<\/tr>\n<tr>\n<td>3 \u2013 6 jaar<\/td>\n<td>\u20ac 30,00<\/td>\n<\/tr>\n<tr>\n<td>6 \u2013 9 jaar<\/td>\n<td>\u20ac 40,00<\/td>\n<\/tr>\n<tr>\n<td>9 \u2013 12 jaar<\/td>\n<td>\u20ac 50,00<\/td>\n<\/tr>\n<\/tbody>\n<\/table>\n<h4><span style=\"color: #68705c;\">Toeslagen per dag<\/span><\/h4>\n<table>\n<tbody>\n<tr>\n<td>Eenpersoonskamer<\/td>\n<td>\u20ac +50,00<\/td>\n<\/tr>\n<tr>\n<td>Een nacht<\/td>\n<td>\u20ac +15,00<\/td>\n<\/tr>\n<\/tbody>\n<\/table>\n<p><strong>Gemeente belasting:<\/strong> + \u20ac 1 per dag<\/p>\n<p>Honden zijn op aanvraag alleen toegestaan in kamertype <strong>Tiefenbach<\/strong>.<\/p>\n<p><a href=\"#\"><span style=\"color: #a7794d;\">Klik hier voor de pakketprijzen<\/span><\/a><\/p>\n<p><strong>Annuleringen<\/strong> 2 weken voor aankomst worden berekend met de volledige prijs.<\/p>\n<p><strong>BNP Paribas Fortis:<\/strong> BE43 2487 2853 5001<br \/>\n<strong>BIC:<\/strong> GEBABEBB<\/p>\n<\/div>\n<\/div><\/div>\n\t\t\t\t\t\t<\/div>\n\t\t\t\t<\/div>\n\t\t\t\t\t<\/details>\n\t\t\t\t\t\t<details id=\"e-n-accordion-item-2041\" class=\"e-n-accordion-item\" >\n\t\t\t\t<summary class=\"e-n-accordion-item-title\" data-accordion-index=\"2\" tabindex=\"-1\" aria-expanded=\"false\" aria-controls=\"e-n-accordion-item-2041\" >\n\t\t\t\t\t<span class='e-n-accordion-item-title-header'><div class=\"e-n-accordion-item-title-text\"> PRIJZEN 2026 <\/div><\/span>\n\t\t\t\t\t\t\t<span class='e-n-accordion-item-title-icon'>\n\t\t\t<span class='e-opened' ><svg aria-hidden=\"true\" class=\"e-font-icon-svg e-fas-minus\" viewBox=\"0 0 448 512\" xmlns=\"http:\/\/www.w3.org\/2000\/svg\"><path d=\"M416 208H32c-17.67 0-32 14.33-32 32v32c0 17.67 14.33 32 32 32h384c17.67 0 32-14.33 32-32v-32c0-17.67-14.33-32-32-32z\"><\/path><\/svg><\/span>\n\t\t\t<span class='e-closed'><svg aria-hidden=\"true\" class=\"e-font-icon-svg e-fas-plus\" viewBox=\"0 0 448 512\" xmlns=\"http:\/\/www.w3.org\/2000\/svg\"><path d=\"M416 208H272V64c0-17.67-14.33-32-32-32h-32c-17.67 0-32 14.33-32 32v144H32c-17.67 0-32 14.33-32 32v32c0 17.67 14.33 32 32 32h144v144c0 17.67 14.33 32 32 32h32c17.67 0 32-14.33 32-32V304h144c17.67 0 32-14.33 32-32v-32c0-17.67-14.33-32-32-32z\"><\/path><\/svg><\/span>\n\t\t<\/span>\n\n\t\t\t\t\t\t<\/summary>\n\t\t\t\t<div role=\"region\" aria-labelledby=\"e-n-accordion-item-2041\" class=\"elementor-element elementor-element-93da343 e-con-full e-flex e-con e-child\" data-id=\"93da343\" data-element_type=\"container\" data-e-type=\"container\" data-settings=\"{&quot;background_background&quot;:&quot;classic&quot;}\">\n\t\t\t\t<div class=\"elementor-element elementor-element-b4d1e33 elementor-widget elementor-widget-shortcode\" data-id=\"b4d1e33\" data-element_type=\"widget\" data-e-type=\"widget\" data-widget_type=\"shortcode.default\">\n\t\t\t\t\t\t\t<div class=\"elementor-shortcode\"><div class=\"om-page-shortcode\" data-page-id=\"2217\"><div class=\"om-accordion-rates\">\n<h4><span style=\"color: #68705c;\"><strong>Kamerprijzen per persoon per dag in halfpension<\/strong><\/span><br \/>\n<span style=\"color: #68705c;\"><strong>(ontbijtbuffet en &#8217;s avonds een 4-gangenmenu)<\/strong><\/span><\/h4>\n<table>\n<thead>\n<tr>\n<th>Kamer categorie\u00ebn<\/th>\n<th>Prijs vanaf<\/th>\n<\/tr>\n<\/thead>\n<tbody>\n<tr>\n<td>Tiefenbach<\/td>\n<td>vanaf \u20ac 105<\/td>\n<\/tr>\n<tr>\n<td>Gr\u00fcner Baum<\/td>\n<td>vanaf \u20ac 124<\/td>\n<\/tr>\n<tr>\n<td>Hoher Berg<\/td>\n<td>vanaf \u20ac 139<\/td>\n<\/tr>\n<\/tbody>\n<\/table>\n<p>Bij een reservering zonder diner ontvangt u een korting van <strong>\u20ac 20 per persoon per dag<\/strong>.<\/p>\n<h4><span style=\"color: #68705c;\">Kinderen op de kamer van de ouders<\/span><\/h4>\n<p>Per kind per dag<\/p>\n<table>\n<thead>\n<tr>\n<th>Leeftijd<\/th>\n<th>Prijs per kind per dag<\/th>\n<\/tr>\n<\/thead>\n<tbody>\n<tr>\n<td>0 \u2013 3 jaar<\/td>\n<td>\u20ac 15,00<\/td>\n<\/tr>\n<tr>\n<td>3 \u2013 6 jaar<\/td>\n<td>\u20ac 30,00<\/td>\n<\/tr>\n<tr>\n<td>6 \u2013 9 jaar<\/td>\n<td>\u20ac 40,00<\/td>\n<\/tr>\n<tr>\n<td>9 \u2013 12 jaar<\/td>\n<td>\u20ac 50,00<\/td>\n<\/tr>\n<\/tbody>\n<\/table>\n<h4><span style=\"color: #68705c;\">Toeslagen per dag<\/span><\/h4>\n<table>\n<thead>\n<tr>\n<th>Positie<\/th>\n<th>Toeslag<\/th>\n<\/tr>\n<\/thead>\n<tbody>\n<tr>\n<td>Eenpersoonskamer<\/td>\n<td>\u20ac +50,00<\/td>\n<\/tr>\n<tr>\n<td>Een nacht<\/td>\n<td>\u20ac +15,00<\/td>\n<\/tr>\n<\/tbody>\n<\/table>\n<p><strong>Gemeente belasting:<\/strong> + \u20ac 1 per dag<\/p>\n<p><span style=\"color: #68705c;\"><em><strong>Honden zijn op aanvraag alleen toegestaan in kamertype Tiefenbach.<\/strong><\/em><\/span><\/p>\n<p><a href=\"http:\/\/www.haus-tiefenbach.be\/hotel-de\/arrangementen\/\"><strong><span style=\"color: #a7794d;\">Klik hier voor de pakketprijzen<\/span><\/strong><\/a><\/p>\n<p><strong>Annuleringen<\/strong> 2 weken voor aankomst worden berekend met de volledige prijs.<\/p>\n<p><strong>BNP Paribas Fortis:<\/strong> BE43 2487 2853 5001<br \/>\n<strong>BIC:<\/strong> GEBABEBB<\/p>\n<\/div>\n<\/div><\/div>\n\t\t\t\t\t\t<\/div>\n\t\t\t\t<\/div>\n\t\t\t\t\t<\/details>\n\t\t\t\t\t<\/div>\n\t\t\t\t\t\t<\/div>\n\t\t\t\t\t<\/div>\n\t\t\t\t<\/div>\n\t\t\t\t<\/div>\n\t\t","protected":false},"excerpt":{"rendered":"<p>Prijzen en arrangementen ARRANGEMENTEN Prijzen en arrangementen ARRANGEMENTEN Zimmerpreise pro Person und Tag in Halbpension (Fr\u00fchst\u00fccksbuffet und Abends ein 4-G\u00e4nge-Men\u00fc) Zimmerkategorien Preis ab Tiefenbach ab \u20ac 105 Gr\u00fcner Baum ab \u20ac 124 Hoher Berg ab \u20ac 139 Bei einer Reservierung ohne Abendessen erhalten Sie einen Preisnachlass von 20 \u20ac pro Person pro Tag. Kinder im [&hellip;]<\/p>\n","protected":false},"author":3,"featured_media":0,"parent":0,"menu_order":52,"comment_status":"closed","ping_status":"closed","template":"","meta":{"footnotes":""},"class_list":["post-2195","page","type-page","status-publish","hentry"],"_links":{"self":[{"href":"https:\/\/haus-tiefenbach.be\/nl\/wp-json\/wp\/v2\/pages\/2195","targetHints":{"allow":["GET"]}}],"collection":[{"href":"https:\/\/haus-tiefenbach.be\/nl\/wp-json\/wp\/v2\/pages"}],"about":[{"href":"https:\/\/haus-tiefenbach.be\/nl\/wp-json\/wp\/v2\/types\/page"}],"author":[{"embeddable":true,"href":"https:\/\/haus-tiefenbach.be\/nl\/wp-json\/wp\/v2\/users\/3"}],"replies":[{"embeddable":true,"href":"https:\/\/haus-tiefenbach.be\/nl\/wp-json\/wp\/v2\/comments?post=2195"}],"version-history":[{"count":4,"href":"https:\/\/haus-tiefenbach.be\/nl\/wp-json\/wp\/v2\/pages\/2195\/revisions"}],"predecessor-version":[{"id":2359,"href":"https:\/\/haus-tiefenbach.be\/nl\/wp-json\/wp\/v2\/pages\/2195\/revisions\/2359"}],"wp:attachment":[{"href":"https:\/\/haus-tiefenbach.be\/nl\/wp-json\/wp\/v2\/media?parent=2195"}],"curies":[{"name":"wp","href":"https:\/\/api.w.org\/{rel}","templated":true}]}}