{"id":2309,"date":"2025-08-23T09:44:23","date_gmt":"2025-08-23T09:44:23","guid":{"rendered":"https:\/\/tiefenbach.demosites.be\/contact\/"},"modified":"2026-01-28T08:09:27","modified_gmt":"2026-01-28T08:09:27","slug":"contact","status":"publish","type":"page","link":"https:\/\/haus-tiefenbach.be\/nl\/contact\/","title":{"rendered":"Contact"},"content":{"rendered":"\t\t<div data-elementor-type=\"wp-page\" data-elementor-id=\"2309\" class=\"elementor elementor-2309 elementor-37\" data-elementor-post-type=\"page\">\n\t\t\t\t<div class=\"elementor-element elementor-element-572dc0e5 e-con-full e-flex e-con e-parent\" data-id=\"572dc0e5\" data-element_type=\"container\" data-e-type=\"container\" data-settings=\"{&quot;background_background&quot;:&quot;classic&quot;}\">\n\t\t<div class=\"elementor-element elementor-element-67bd2b55 e-con-full e-flex e-con e-child\" data-id=\"67bd2b55\" data-element_type=\"container\" data-e-type=\"container\" data-settings=\"{&quot;background_background&quot;:&quot;classic&quot;}\">\n\t\t\t\t<div class=\"elementor-element elementor-element-369aac9d elementor-widget elementor-widget-google_maps\" data-id=\"369aac9d\" data-element_type=\"widget\" data-e-type=\"widget\" data-widget_type=\"google_maps.default\">\n\t\t\t\t\t\t\t<div class=\"elementor-custom-embed\">\n\t\t\t<iframe loading=\"lazy\"\n\t\t\t\t\tsrc=\"https:\/\/maps.google.com\/maps?q=Haus%20Tiefenbach&#038;t=m&#038;z=12&#038;output=embed&#038;iwloc=near\"\n\t\t\t\t\ttitle=\"Haus Tiefenbach\"\n\t\t\t\t\taria-label=\"Haus Tiefenbach\"\n\t\t\t><\/iframe>\n\t\t<\/div>\n\t\t\t\t\t\t<\/div>\n\t\t\t\t<\/div>\n\t\t\t\t<\/div>\n\t\t<div class=\"elementor-element elementor-element-7f3a7930 e-flex e-con-boxed e-con e-parent\" data-id=\"7f3a7930\" data-element_type=\"container\" data-e-type=\"container\">\n\t\t\t\t\t<div class=\"e-con-inner\">\n\t\t<div class=\"elementor-element elementor-element-2b036991 e-con-full e-flex e-con e-child\" data-id=\"2b036991\" data-element_type=\"container\" data-e-type=\"container\">\n\t\t\t\t<div class=\"elementor-element elementor-element-58ba6c97 elementor-widget elementor-widget-heading\" data-id=\"58ba6c97\" data-element_type=\"widget\" data-e-type=\"widget\" data-widget_type=\"heading.default\">\n\t\t\t\t\t<h2 class=\"elementor-heading-title elementor-size-default\">Waarom Haus Tiefenbach?<\/h2>\t\t\t\t<\/div>\n\t\t\t\t<\/div>\n\t\t<div class=\"elementor-element elementor-element-5ca3b9ba e-con-full e-flex e-con e-child\" data-id=\"5ca3b9ba\" data-element_type=\"container\" data-e-type=\"container\">\n\t\t\t\t<div class=\"elementor-element elementor-element-43b73941 elementor-widget elementor-widget-text-editor\" data-id=\"43b73941\" data-element_type=\"widget\" data-e-type=\"widget\" data-widget_type=\"text-editor.default\">\n\t\t\t\t\t\t\t\t\tDaar waar rust, warmte en hartelijkheid nog vanzelfsprekend zijn, midden in de prachtige en ongerepte natuur van de Hoge Venen en de Eifel, ligt op 562 meter hoogte het lieflijke dorpje B\u00fcllingen. Schone lucht, groene weiden in de zomer en sprookjesachtige landschappen in de winter zijn de kenmerken van hotel \u201eHaus Tiefenbach\u201c. \n\nGastvrijheid staat in dit huis, gelegen aan een meer in het dal van de Tiefenbach, hoog in het vaandel. Een heerlijke tijd \u2013 bij korte en lange vakantieverblijven \u2013 is u hier zeker. \t\t\t\t\t\t\t\t<\/div>\n\t\t\t\t<div class=\"elementor-element elementor-element-e214706 elementor-widget elementor-widget-heading\" data-id=\"e214706\" data-element_type=\"widget\" data-e-type=\"widget\" data-widget_type=\"heading.default\">\n\t\t\t\t\t<h2 class=\"elementor-heading-title elementor-size-default\">Monschau (25 km) \u2022 Malmedy (20 km) \u2022 Botrange (20 km) \u2022 Phantasialand (90 km)\n\u2022 Wildpark Hellenthal (26 km) \u2022 Luxemburg (35 km)<\/h2>\t\t\t\t<\/div>\n\t\t\t\t<\/div>\n\t\t\t\t\t<\/div>\n\t\t\t\t<\/div>\n\t\t<div class=\"elementor-element elementor-element-6e212ed1 e-flex e-con-boxed e-con e-parent\" data-id=\"6e212ed1\" data-element_type=\"container\" data-e-type=\"container\" data-settings=\"{&quot;background_background&quot;:&quot;classic&quot;}\">\n\t\t\t\t\t<div class=\"e-con-inner\">\n\t\t<div class=\"elementor-element elementor-element-4f634a39 e-con-full e-flex e-con e-child\" data-id=\"4f634a39\" data-element_type=\"container\" data-e-type=\"container\">\n\t\t<div class=\"elementor-element elementor-element-2e2770c8 e-con-full e-flex e-con e-child\" data-id=\"2e2770c8\" data-element_type=\"container\" data-e-type=\"container\" data-settings=\"{&quot;background_background&quot;:&quot;classic&quot;}\">\n\t\t\t\t<div class=\"elementor-element elementor-element-225a26ab elementor-position-inline-start elementor-view-default elementor-mobile-position-block-start elementor-widget elementor-widget-icon-box\" data-id=\"225a26ab\" data-element_type=\"widget\" data-e-type=\"widget\" data-widget_type=\"icon-box.default\">\n\t\t\t\t\t\t\t<div class=\"elementor-icon-box-wrapper\">\n\n\t\t\t\t\t\t<div class=\"elementor-icon-box-icon\">\n\t\t\t\t<span  class=\"elementor-icon\">\n\t\t\t\t<svg aria-hidden=\"true\" class=\"e-font-icon-svg e-fas-mail-bulk\" viewBox=\"0 0 576 512\" xmlns=\"http:\/\/www.w3.org\/2000\/svg\"><path d=\"M160 448c-25.6 0-51.2-22.4-64-32-64-44.8-83.2-60.8-96-70.4V480c0 17.67 14.33 32 32 32h256c17.67 0 32-14.33 32-32V345.6c-12.8 9.6-32 25.6-96 70.4-12.8 9.6-38.4 32-64 32zm128-192H32c-17.67 0-32 14.33-32 32v16c25.6 19.2 22.4 19.2 115.2 86.4 9.6 6.4 28.8 25.6 44.8 25.6s35.2-19.2 44.8-22.4c92.8-67.2 89.6-67.2 115.2-86.4V288c0-17.67-14.33-32-32-32zm256-96H224c-17.67 0-32 14.33-32 32v32h96c33.21 0 60.59 25.42 63.71 57.82l.29-.22V416h192c17.67 0 32-14.33 32-32V192c0-17.67-14.33-32-32-32zm-32 128h-64v-64h64v64zm-352-96c0-35.29 28.71-64 64-64h224V32c0-17.67-14.33-32-32-32H96C78.33 0 64 14.33 64 32v192h96v-32z\"><\/path><\/svg>\t\t\t\t<\/span>\n\t\t\t<\/div>\n\t\t\t\n\t\t\t\t\t\t<div class=\"elementor-icon-box-content\">\n\n\t\t\t\t\t\t\t\t\t<h6 class=\"elementor-icon-box-title\">\n\t\t\t\t\t\t<span  >\n\t\t\t\t\t\t\tStel ons uw vraag\t\t\t\t\t\t<\/span>\n\t\t\t\t\t<\/h6>\n\t\t\t\t\n\t\t\t\t\n\t\t\t<\/div>\n\t\t\t\n\t\t<\/div>\n\t\t\t\t\t\t<\/div>\n\t\t\t\t<\/div>\n\t\t<div class=\"elementor-element elementor-element-e8eeac8 e-con-full e-flex e-con e-child\" data-id=\"e8eeac8\" data-element_type=\"container\" data-e-type=\"container\" data-settings=\"{&quot;background_background&quot;:&quot;classic&quot;}\">\n\t\t\t\t<div class=\"elementor-element elementor-element-6cd9eb8 elementor-widget elementor-widget-icon-box\" data-id=\"6cd9eb8\" data-element_type=\"widget\" data-e-type=\"widget\" data-widget_type=\"icon-box.default\">\n\t\t\t\t\t\t\t<div class=\"elementor-icon-box-wrapper\">\n\n\t\t\t\n\t\t\t\t\t\t<div class=\"elementor-icon-box-content\">\n\n\t\t\t\t\t\t\t\t\t<h6 class=\"elementor-icon-box-title\">\n\t\t\t\t\t\t<span  >\n\t\t\t\t\t\t\tAdres\t\t\t\t\t\t<\/span>\n\t\t\t\t\t<\/h6>\n\t\t\t\t\n\t\t\t\t\t\t\t\t\t<p class=\"elementor-icon-box-description\">\n\t\t\t\t\t\tTrierer Stra\u00dfe 21- 4760 B\u00fcllingen (Belgi\u00eb)\t\t\t\t\t<\/p>\n\t\t\t\t\n\t\t\t<\/div>\n\t\t\t\n\t\t<\/div>\n\t\t\t\t\t\t<\/div>\n\t\t\t\t<\/div>\n\t\t<div class=\"elementor-element elementor-element-704f6228 e-con-full e-flex e-con e-child\" data-id=\"704f6228\" data-element_type=\"container\" data-e-type=\"container\" data-settings=\"{&quot;background_background&quot;:&quot;classic&quot;}\">\n\t\t\t\t<div class=\"elementor-element elementor-element-3881768d elementor-widget elementor-widget-icon-box\" data-id=\"3881768d\" data-element_type=\"widget\" data-e-type=\"widget\" data-widget_type=\"icon-box.default\">\n\t\t\t\t\t\t\t<div class=\"elementor-icon-box-wrapper\">\n\n\t\t\t\n\t\t\t\t\t\t<div class=\"elementor-icon-box-content\">\n\n\t\t\t\t\t\t\t\t\t<h6 class=\"elementor-icon-box-title\">\n\t\t\t\t\t\t<span  >\n\t\t\t\t\t\t\tTelefoon\t\t\t\t\t\t<\/span>\n\t\t\t\t\t<\/h6>\n\t\t\t\t\n\t\t\t\t\t\t\t\t\t<p class=\"elementor-icon-box-description\">\n\t\t\t\t\t\t+32 (0)80 64 73 06\t\t\t\t\t<\/p>\n\t\t\t\t\n\t\t\t<\/div>\n\t\t\t\n\t\t<\/div>\n\t\t\t\t\t\t<\/div>\n\t\t\t\t<\/div>\n\t\t<div class=\"elementor-element elementor-element-62b6d14b e-con-full e-flex e-con e-child\" data-id=\"62b6d14b\" data-element_type=\"container\" data-e-type=\"container\" data-settings=\"{&quot;background_background&quot;:&quot;classic&quot;}\">\n\t\t\t\t<div class=\"elementor-element elementor-element-159da9c7 elementor-widget elementor-widget-icon-box\" data-id=\"159da9c7\" data-element_type=\"widget\" data-e-type=\"widget\" data-widget_type=\"icon-box.default\">\n\t\t\t\t\t\t\t<div class=\"elementor-icon-box-wrapper\">\n\n\t\t\t\n\t\t\t\t\t\t<div class=\"elementor-icon-box-content\">\n\n\t\t\t\t\t\t\t\t\t<h6 class=\"elementor-icon-box-title\">\n\t\t\t\t\t\t<a href=\"mailto:info@haus-tiefenbach.be\" >\n\t\t\t\t\t\t\tE-mailadres\t\t\t\t\t\t<\/a>\n\t\t\t\t\t<\/h6>\n\t\t\t\t\n\t\t\t\t\t\t\t\t\t<p class=\"elementor-icon-box-description\">\n\t\t\t\t\t\tinfo@haus-tiefenbach.be\t\t\t\t\t<\/p>\n\t\t\t\t\n\t\t\t<\/div>\n\t\t\t\n\t\t<\/div>\n\t\t\t\t\t\t<\/div>\n\t\t\t\t<\/div>\n\t\t\t\t<\/div>\n\t\t<div class=\"elementor-element elementor-element-2c06acd5 e-con-full e-flex e-con e-child\" data-id=\"2c06acd5\" data-element_type=\"container\" data-e-type=\"container\" data-settings=\"{&quot;background_background&quot;:&quot;classic&quot;}\">\n\t\t<div class=\"elementor-element elementor-element-630a1fec e-con-full e-flex e-con e-child\" data-id=\"630a1fec\" data-element_type=\"container\" data-e-type=\"container\">\n\t\t<div class=\"elementor-element elementor-element-3408680f e-con-full e-flex e-con e-child\" data-id=\"3408680f\" data-element_type=\"container\" data-e-type=\"container\" data-settings=\"{&quot;background_background&quot;:&quot;classic&quot;}\">\n\t\t\t\t<div class=\"elementor-element elementor-element-383470f6 elementor-button-align-stretch elementor-widget elementor-widget-form\" data-id=\"383470f6\" data-element_type=\"widget\" data-e-type=\"widget\" data-settings=\"{&quot;step_next_label&quot;:&quot;Next&quot;,&quot;step_previous_label&quot;:&quot;Previous&quot;,&quot;button_width&quot;:&quot;100&quot;,&quot;step_type&quot;:&quot;number_text&quot;,&quot;step_icon_shape&quot;:&quot;circle&quot;}\" data-widget_type=\"form.default\">\n\t\t\t\t\t\t\t<form class=\"elementor-form\" method=\"post\" name=\"Contact Form\" aria-label=\"Contact Form\">\n\t\t\t<input type=\"hidden\" name=\"post_id\" value=\"2309\"\/>\n\t\t\t<input type=\"hidden\" name=\"form_id\" value=\"383470f6\"\/>\n\t\t\t<input type=\"hidden\" name=\"referer_title\" value=\"\" \/>\n\n\t\t\t\n\t\t\t<div class=\"elementor-form-fields-wrapper elementor-labels-above\">\n\t\t\t\t\t\t\t\t<div class=\"elementor-field-type-text elementor-field-group elementor-column elementor-field-group-name elementor-col-50\">\n\t\t\t\t\t\t\t\t\t\t\t\t\t<input size=\"1\" type=\"text\" name=\"form_fields[name]\" id=\"form-field-name\" class=\"elementor-field elementor-size-sm  elementor-field-textual\" placeholder=\"Naam\">\n\t\t\t\t\t\t\t\t\t\t\t<\/div>\n\t\t\t\t\t\t\t\t<div class=\"elementor-field-type-email elementor-field-group elementor-column elementor-field-group-email elementor-col-50 elementor-field-required\">\n\t\t\t\t\t\t\t\t\t\t\t\t\t<input size=\"1\" type=\"email\" name=\"form_fields[email]\" id=\"form-field-email\" class=\"elementor-field elementor-size-sm  elementor-field-textual\" placeholder=\"E-Mail\" required=\"required\">\n\t\t\t\t\t\t\t\t\t\t\t<\/div>\n\t\t\t\t\t\t\t\t<div class=\"elementor-field-type-text elementor-field-group elementor-column elementor-field-group-telefoon_gsm elementor-col-50 elementor-field-required\">\n\t\t\t\t\t\t\t\t\t\t\t\t\t<input size=\"1\" type=\"text\" name=\"form_fields[telefoon_gsm]\" id=\"form-field-telefoon_gsm\" class=\"elementor-field elementor-size-sm  elementor-field-textual\" placeholder=\"Telefoon\/GSM\" required=\"required\">\n\t\t\t\t\t\t\t\t\t\t\t<\/div>\n\t\t\t\t\t\t\t\t<div class=\"elementor-field-type-text\">\n\t\t\t\t\t<input size=\"1\" type=\"text\" name=\"form_fields[field_0613d5d]\" id=\"form-field-field_0613d5d\" class=\"elementor-field elementor-size-sm \" style=\"display:none !important;\">\t\t\t\t<\/div>\n\t\t\t\t\t\t\t\t<div class=\"elementor-field-type-text elementor-field-group elementor-column elementor-field-group-onderwerp elementor-col-50 elementor-field-required\">\n\t\t\t\t\t\t\t\t\t\t\t\t\t<input size=\"1\" type=\"text\" name=\"form_fields[onderwerp]\" id=\"form-field-onderwerp\" class=\"elementor-field elementor-size-sm  elementor-field-textual\" placeholder=\"Onderwerp\" required=\"required\">\n\t\t\t\t\t\t\t\t\t\t\t<\/div>\n\t\t\t\t\t\t\t\t<div class=\"elementor-field-type-textarea elementor-field-group elementor-column elementor-field-group-message elementor-col-100\">\n\t\t\t\t\t<textarea class=\"elementor-field-textual elementor-field  elementor-size-sm\" name=\"form_fields[message]\" id=\"form-field-message\" rows=\"4\" placeholder=\"Uw vraag\"><\/textarea>\t\t\t\t<\/div>\n\t\t\t\t\t\t\t\t<div class=\"elementor-field-type-acceptance elementor-field-group elementor-column elementor-field-group-privacybeleid elementor-col-100\">\n\t\t\t\t\t\t\t<div class=\"elementor-field-subgroup\">\n\t\t\t<span class=\"elementor-field-option\">\n\t\t\t\t<input type=\"checkbox\" name=\"form_fields[privacybeleid]\" id=\"form-field-privacybeleid\" class=\"elementor-field elementor-size-sm  elementor-acceptance-field\">\n\t\t\t\t<label for=\"form-field-privacybeleid\">Ik accepteer het privacybeleid.<\/label>\t\t\t<\/span>\n\t\t<\/div>\n\t\t\t\t\t\t<\/div>\n\t\t\t\t\t\t\t\t<div class=\"elementor-field-type-text\">\n\t\t\t\t\t<input size=\"1\" type=\"text\" name=\"form_fields[field_34364f2]\" id=\"form-field-field_34364f2\" class=\"elementor-field elementor-size-sm \" style=\"display:none !important;\">\t\t\t\t<\/div>\n\t\t\t\t\t\t\t\t<div class=\"elementor-field-group elementor-column elementor-field-type-submit elementor-col-100 e-form__buttons\">\n\t\t\t\t\t<button class=\"elementor-button elementor-size-sm\" type=\"submit\">\n\t\t\t\t\t\t<span class=\"elementor-button-content-wrapper\">\n\t\t\t\t\t\t\t\t\t\t\t\t\t\t\t\t\t\t\t\t\t\t<span class=\"elementor-button-text\">Neem contact met ons op<\/span>\n\t\t\t\t\t\t\t\t\t\t\t\t\t<\/span>\n\t\t\t\t\t<\/button>\n\t\t\t\t<\/div>\n\t\t\t<\/div>\n\t\t<\/form>\n\t\t\t\t\t\t<\/div>\n\t\t\t\t<\/div>\n\t\t\t\t<\/div>\n\t\t\t\t<\/div>\n\t\t\t\t\t<\/div>\n\t\t\t\t<\/div>\n\t\t<div class=\"elementor-element elementor-element-1b13c82 e-flex e-con-boxed e-con e-parent\" data-id=\"1b13c82\" data-element_type=\"container\" data-e-type=\"container\">\n\t\t\t\t\t<div class=\"e-con-inner\">\n\t\t<div class=\"elementor-element elementor-element-0b0f34c e-con-full e-flex e-con e-child\" data-id=\"0b0f34c\" data-element_type=\"container\" data-e-type=\"container\" data-settings=\"{&quot;background_background&quot;:&quot;classic&quot;}\">\n\t\t<div class=\"elementor-element elementor-element-dcb15e7 e-con-full e-flex e-con e-child\" data-id=\"dcb15e7\" data-element_type=\"container\" data-e-type=\"container\">\n\t\t\t\t<div class=\"elementor-element elementor-element-28ce947 elementor-widget elementor-widget-heading\" data-id=\"28ce947\" data-element_type=\"widget\" data-e-type=\"widget\" data-widget_type=\"heading.default\">\n\t\t\t\t\t<h2 class=\"elementor-heading-title elementor-size-xl\">Openingstijden restaurant<\/h2>\t\t\t\t<\/div>\n\t\t\t\t<div class=\"elementor-element elementor-element-2f0f36e elementor-widget elementor-widget-image\" data-id=\"2f0f36e\" data-element_type=\"widget\" data-e-type=\"widget\" data-widget_type=\"image.default\">\n\t\t\t\t\t\t\t\t\t\t\t\t\t\t\t<img fetchpriority=\"high\" decoding=\"async\" width=\"700\" height=\"317\" src=\"https:\/\/haus-tiefenbach.be\/wp-content\/uploads\/2025\/11\/haustiefenbach_2020_hdr_1670-1.jpg\" class=\"attachment-large size-large wp-image-1553\" alt=\"\" srcset=\"https:\/\/haus-tiefenbach.be\/wp-content\/uploads\/2025\/11\/haustiefenbach_2020_hdr_1670-1.jpg 700w, https:\/\/haus-tiefenbach.be\/wp-content\/uploads\/2025\/11\/haustiefenbach_2020_hdr_1670-1-300x136.jpg 300w\" sizes=\"(max-width: 700px) 100vw, 700px\" \/>\t\t\t\t\t\t\t\t\t\t\t\t\t\t\t<\/div>\n\t\t\t\t<\/div>\n\t\t<div class=\"elementor-element elementor-element-d1fee96 e-con-full e-flex e-con e-child\" data-id=\"d1fee96\" data-element_type=\"container\" data-e-type=\"container\">\n\t\t\t\t<div class=\"elementor-element elementor-element-9f4f70b elementor-widget elementor-widget-text-editor\" data-id=\"9f4f70b\" data-element_type=\"widget\" data-e-type=\"widget\" data-widget_type=\"text-editor.default\">\n\t\t\t\t\t\t\t\t\t<style>\n  .opening {\n    font-size:16px; line-height:1.6;\n  }\n  .opening .row{\n    display:grid;\n    grid-template-columns:minmax(180px,1fr) auto 2fr; \/* dag | : | tijden *\/\n    align-items:baseline;\n    padding:8px 0;\n    border-top:1px solid #c8ccd1;\n  }\n  .opening .row:last-of-type{ border-bottom:1px solid #c8ccd1; }\n  .opening .row.sub{ border-top:0; padding-top:4px; }\n  .opening strong{ font-weight:700; }\n\n  \/* mobiel: stapelen *\/\n  @media (max-width: 768px){\n    .opening .row{ grid-template-columns:1fr; }\n    .opening .sep{ display:none; }\n    .opening .val{ margin-top:2px; }\n  }\n<\/style>\n\n<div class=\"opening\">\n  <div class=\"row\">\n    <div class=\"day\">Maandag en dinsdag<\/div>\n    <div class=\"sep\">:<\/div>\n    <div class=\"val\"><strong>Rustdag<\/strong><\/div>\n  <\/div>\n\n  <div class=\"row\">\n    <div class=\"day\">Woensdag en donderdag<\/div>\n    <div class=\"sep\">:<\/div>\n    <div class=\"val\"><strong>op reservering<\/strong><\/div>\n  <\/div>\n\n  <div class=\"row\">\n    <div class=\"day\">Vrijdag en zaterdag<\/div>\n    <div class=\"sep\">:<\/div>\n    <div class=\"val\"><strong>Lunch:<\/strong> 11:30u \u2013 14:00u<\/div>\n  <\/div>\n  <div class=\"row sub\">\n    <div class=\"day\"><\/div><div class=\"sep\"><\/div>\n    <div class=\"val\"><strong>Diner:<\/strong> 18:00u \u2013 21:00u<\/div>\n  <\/div>\n\n  <div class=\"row\">\n    <div class=\"day\">Zondag<\/div>\n    <div class=\"sep\">:<\/div>\n    <div class=\"val\"><strong>Lunch:<\/strong> 11:30u \u2013 14:00u<\/div>\n  <\/div>\n  <div class=\"row sub\">\n    <div class=\"day\"><\/div><div class=\"sep\"><\/div>\n    <div class=\"val\"><strong>Diner:<\/strong> op reservering<\/div>\n  <\/div>\n<\/div>\t\t\t\t\t\t\t\t<\/div>\n\t\t\t\t<\/div>\n\t\t\t\t<\/div>\n\t\t\t\t\t<\/div>\n\t\t\t\t<\/div>\n\t\t<div class=\"elementor-element elementor-element-5eb296f e-flex e-con-boxed e-con e-parent\" data-id=\"5eb296f\" data-element_type=\"container\" data-e-type=\"container\">\n\t\t\t\t\t<div class=\"e-con-inner\">\n\t\t\t\t<div class=\"elementor-element elementor-element-1f300fec elementor-widget elementor-widget-image\" data-id=\"1f300fec\" data-element_type=\"widget\" data-e-type=\"widget\" data-widget_type=\"image.default\">\n\t\t\t\t\t\t\t\t\t\t\t\t\t\t\t\t<a href=\"https:\/\/haus-tiefenbach.be\/wp-content\/uploads\/2025\/11\/brochure-haustiefenbach.pdf\">\n\t\t\t\t\t\t\t<img decoding=\"async\" width=\"551\" height=\"551\" src=\"https:\/\/haus-tiefenbach.be\/wp-content\/uploads\/2025\/11\/PDF-Icoon.png\" class=\"attachment-large size-large wp-image-1572\" alt=\"\" srcset=\"https:\/\/haus-tiefenbach.be\/wp-content\/uploads\/2025\/11\/PDF-Icoon.png 551w, https:\/\/haus-tiefenbach.be\/wp-content\/uploads\/2025\/11\/PDF-Icoon-300x300.png 300w, https:\/\/haus-tiefenbach.be\/wp-content\/uploads\/2025\/11\/PDF-Icoon-150x150.png 150w\" sizes=\"(max-width: 551px) 100vw, 551px\" \/>\t\t\t\t\t\t\t\t<\/a>\n\t\t\t\t\t\t\t\t\t\t\t\t\t\t\t<\/div>\n\t\t\t\t<div class=\"elementor-element elementor-element-2284a0ce elementor-widget elementor-widget-text-editor\" data-id=\"2284a0ce\" data-element_type=\"widget\" data-e-type=\"widget\" data-widget_type=\"text-editor.default\">\n\t\t\t\t\t\t\t\t\tOntdek ons complete aanbod in de Haus-Tiefenbach-brochure.\nKlik op het PDF-symbool om de brochure te downloaden en alles op uw gemak na te lezen.\t\t\t\t\t\t\t\t<\/div>\n\t\t\t\t\t<\/div>\n\t\t\t\t<\/div>\n\t\t\t\t<\/div>\n\t\t","protected":false},"excerpt":{"rendered":"<p>Waarom Haus Tiefenbach? Daar waar rust, warmte en hartelijkheid nog vanzelfsprekend zijn, midden in de prachtige en ongerepte natuur van de Hoge Venen en de Eifel, ligt op 562 meter hoogte het lieflijke dorpje B\u00fcllingen. Schone lucht, groene weiden in de zomer en sprookjesachtige landschappen in de winter zijn de kenmerken van hotel \u201eHaus Tiefenbach\u201c. [&hellip;]<\/p>\n","protected":false},"author":1,"featured_media":0,"parent":0,"menu_order":60,"comment_status":"closed","ping_status":"closed","template":"elementor_header_footer","meta":{"footnotes":""},"class_list":["post-2309","page","type-page","status-publish","hentry"],"_links":{"self":[{"href":"https:\/\/haus-tiefenbach.be\/nl\/wp-json\/wp\/v2\/pages\/2309","targetHints":{"allow":["GET"]}}],"collection":[{"href":"https:\/\/haus-tiefenbach.be\/nl\/wp-json\/wp\/v2\/pages"}],"about":[{"href":"https:\/\/haus-tiefenbach.be\/nl\/wp-json\/wp\/v2\/types\/page"}],"author":[{"embeddable":true,"href":"https:\/\/haus-tiefenbach.be\/nl\/wp-json\/wp\/v2\/users\/1"}],"replies":[{"embeddable":true,"href":"https:\/\/haus-tiefenbach.be\/nl\/wp-json\/wp\/v2\/comments?post=2309"}],"version-history":[{"count":7,"href":"https:\/\/haus-tiefenbach.be\/nl\/wp-json\/wp\/v2\/pages\/2309\/revisions"}],"predecessor-version":[{"id":2725,"href":"https:\/\/haus-tiefenbach.be\/nl\/wp-json\/wp\/v2\/pages\/2309\/revisions\/2725"}],"wp:attachment":[{"href":"https:\/\/haus-tiefenbach.be\/nl\/wp-json\/wp\/v2\/media?parent=2309"}],"curies":[{"name":"wp","href":"https:\/\/api.w.org\/{rel}","templated":true}]}}